{"id":1879,"date":"2025-10-22T14:28:52","date_gmt":"2025-10-22T12:28:52","guid":{"rendered":"https:\/\/mallorcahealthagent.com\/rechtlicher-hinweis\/"},"modified":"2025-11-11T13:20:34","modified_gmt":"2025-11-11T11:20:34","slug":"rechtlicher-hinweis","status":"publish","type":"page","link":"https:\/\/mallorcahealthagent.com\/de\/rechtlicher-hinweis\/","title":{"rendered":"Rechtlicher Hinweis"},"content":{"rendered":"\t\t<div data-elementor-type=\"wp-page\" data-elementor-id=\"1879\" class=\"elementor elementor-1879 elementor-1248\" data-elementor-post-type=\"page\">\n\t\t\t\t<div class=\"elementor-element elementor-element-610f32c e-flex e-con-boxed e-con e-parent\" data-id=\"610f32c\" data-element_type=\"container\" data-settings=\"{&quot;background_background&quot;:&quot;gradient&quot;}\">\n\t\t\t\t\t<div class=\"e-con-inner\">\n\t\t\t\t<div class=\"elementor-element elementor-element-f485c09 elementor-widget elementor-widget-heading\" data-id=\"f485c09\" data-element_type=\"widget\" data-widget_type=\"heading.default\">\n\t\t\t\t\t<h1 class=\"elementor-heading-title elementor-size-default\">Rechtlicher Hinweis<\/h1>\t\t\t\t<\/div>\n\t\t\t\t\t<\/div>\n\t\t\t\t<\/div>\n\t\t<div class=\"elementor-element elementor-element-48336b9 e-flex e-con-boxed e-con e-parent\" data-id=\"48336b9\" data-element_type=\"container\">\n\t\t\t\t\t<div class=\"e-con-inner\">\n\t\t\t\t<div class=\"elementor-element elementor-element-6f2a020 elementor-widget elementor-widget-text-editor\" data-id=\"6f2a020\" data-element_type=\"widget\" data-widget_type=\"text-editor.default\">\n\t\t\t\t\t\t\t\t\t<div data-olk-copy-source=\"MessageBody\">In \u00dcbereinstimmung mit Artikel 10 des Gesetzes 34\/2002 vom 11. Juli \u00fcber Informationsgesellschaftsdienste und elektronischen Gesch\u00e4ftsverkehr (LSSICE) werden die Nutzer \u00fcber folgende Daten informiert:<\/div><div><b>1. IDENTIFIKATION<\/b><\/div><div><b>Website-Inhaber:<\/b> Melanie Llad\u00f3 Claussen<br><b>NIF\/CIF:<\/b> 43091639N<br><b>Sitz: <\/b>Av. del Gran i General Consell, 6, Nord, 07004 Palma, Balearische Inseln<br><b>Telefon: <\/b>[Telefonnummer]<br><b>E-Mail: <\/b>mllado.agenteexclusivo@sanitas.es<br><b>Website: <\/b><a href=\"http:\/\/www.mallorcahealthagent.com\/\" class=\"ms-outlook-linkify\" target=\"_blank\" data-linkindex=\"0\" title=\"http:\/\/www.mallorcahealthagent.com\" rel=\"noopener\">www.mallorcahealthagent.com<\/a><br>Registrierung als Versicherungsvermittler: Eingetragen im Verwaltungsregister f\u00fcr Versicherungs- und R\u00fcckversicherungsvermittler der Generaldirektion f\u00fcr Versicherungen und Pensionsfonds unter der Nummer 35006.<br><b>Abh\u00e4ngigkeit\/Unabh\u00e4ngigkeit: <\/b>Exklusiv-Agent<br><b>Aufsichtsbeh\u00f6rde:<\/b> Generaldirektion f\u00fcr Versicherungen und Pensionsfonds (DGSFP) \u2013 Ministerium f\u00fcr Wirtschaftliche Angelegenheiten und digitale Transformation<\/div><div><b>2. ZWECK<\/b><\/div><div>Produkte und Dienstleistungen bereitstellen und den direkten Kontakt mit interessierten Nutzern erm\u00f6glichen.<\/div><div><b>3. NUTZUNGSBEDINGUNGEN<\/b><\/div><div>Nutzer verpflichten sich, die Website im Einklang mit geltendem Recht, Treu und Glauben, \u00f6ffentlicher Ordnung und allgemein anerkannten Praktiken zu verwenden. Die Nutzung der Website f\u00fcr rechtswidrige Zwecke oder zum Schaden des Inhabers oder Dritter ist untersagt.  <\/div><div><b>4. GEISTIGES UND INDUSTRIELLES EIGENTUM<\/b><\/div><div>Alle Inhalte dieser Website (Texte, Bilder, Design, Software, Quellcode, Logos, Marken usw.) sind durch das geistige und industrielle Eigentum des Inhabers oder autorisierter Dritter gesch\u00fctzt und d\u00fcrfen ohne ausdr\u00fcckliche Genehmigung nicht verwendet werden.<\/div><div><b>5. DATENSCHUTZ<\/b><\/div><div>Der Inhaber erf\u00fcllt die Anforderungen des Organgesetzes 3\/2018 zum Schutz personenbezogener Daten und zur Garantie digitaler Rechte sowie der Verordnung (EU) 2016\/679 (DSGVO). \u00dcber diese Website erhobene personenbezogene Daten werden gem\u00e4\u00df unserer Datenschutzerkl\u00e4rung (Link zur Richtlinie) verarbeitet. <\/div><div>Nutzer k\u00f6nnen ihre Rechte auf Auskunft, Berichtigung, L\u00f6schung, Widerspruch, Einschr\u00e4nkung der Verarbeitung und Daten\u00fcbertragbarkeit durch schriftliche Anfrage an die oben angegebene E-Mail-Adresse aus\u00fcben.<\/div><div><b>6. HAFTUNG<\/b><\/div><div>Der Inhaber haftet nicht f\u00fcr den Missbrauch der Inhalte dieser Website oder Sch\u00e4den, die sich aus dem Zugriff oder der Nutzung der enthaltenen Informationen ergeben. Ebenso wird nicht garantiert, dass die Website frei von Viren oder anderen Elementen ist, die die Computersysteme der Nutzer besch\u00e4digen k\u00f6nnten. <\/div><div><b>7. ANWENDBARES RECHT UND GERICHTSSTAND<\/b><\/div><div>Dieser rechtliche Hinweis unterliegt spanischem Recht. F\u00fcr die Beilegung von Streitigkeiten, die sich aus dem Zugriff auf die Website ergeben, vereinbaren der Nutzer und der Inhaber, sich den Gerichten am Sitz des Inhabers der Website zu unterwerfen, sofern nicht zwingendes Recht etwas anderes vorschreibt. <\/div>\t\t\t\t\t\t\t\t<\/div>\n\t\t\t\t\t<\/div>\n\t\t\t\t<\/div>\n\t\t\t\t<\/div>\n\t\t","protected":false},"excerpt":{"rendered":"<p>In \u00dcbereinstimmung mit Artikel 10 des Gesetzes 34\/2002 vom 11. Juli \u00fcber Informationsgesellschaftsdienste und elektronischen Gesch\u00e4ftsverkehr (LSSICE) werden die Nutzer \u00fcber folgende Daten informiert:1. IDENTIFIKATIONWebsite-Inhaber: Melanie Llad\u00f3 ClaussenNIF\/CIF: 43091639NSitz: Av. del Gran i General Consell, 6, Nord, 07004 Palma, Balearische InselnTelefon: [Telefonnummer]E-Mail: mllado.agenteexclusivo@sanitas.esWebsite: www.mallorcahealthagent.comRegistrierung als Versicherungsvermittler: Eingetragen im Verwaltungsregister f\u00fcr Versicherungs- und R\u00fcckversicherungsvermittler der Generaldirektion [&hellip;]<\/p>\n","protected":false},"author":1,"featured_media":0,"parent":0,"menu_order":0,"comment_status":"closed","ping_status":"closed","template":"elementor_header_footer","meta":{"_joinchat":[],"footnotes":""},"class_list":["post-1879","page","type-page","status-publish","hentry"],"yoast_head":"<!-- This site is optimized with the Yoast SEO plugin v26.3 - https:\/\/yoast.com\/wordpress\/plugins\/seo\/ -->\n<title>Rechtlicher Hinweis - Mallorca Health Agent<\/title>\n<meta name=\"robots\" content=\"index, follow, max-snippet:-1, max-image-preview:large, max-video-preview:-1\" \/>\n<link rel=\"canonical\" href=\"https:\/\/mallorcahealthagent.com\/de\/rechtlicher-hinweis\/\" \/>\n<meta property=\"og:locale\" content=\"de_DE\" \/>\n<meta property=\"og:type\" content=\"article\" \/>\n<meta property=\"og:title\" content=\"Rechtlicher Hinweis - Mallorca Health Agent\" \/>\n<meta property=\"og:description\" content=\"In \u00dcbereinstimmung mit Artikel 10 des Gesetzes 34\/2002 vom 11. Juli \u00fcber Informationsgesellschaftsdienste und elektronischen Gesch\u00e4ftsverkehr (LSSICE) werden die Nutzer \u00fcber folgende Daten informiert:1. IDENTIFIKATIONWebsite-Inhaber: Melanie Llad\u00f3 ClaussenNIF\/CIF: 43091639NSitz: Av. del Gran i General Consell, 6, Nord, 07004 Palma, Balearische InselnTelefon: [Telefonnummer]E-Mail: mllado.agenteexclusivo@sanitas.esWebsite: www.mallorcahealthagent.comRegistrierung als Versicherungsvermittler: Eingetragen im Verwaltungsregister f\u00fcr Versicherungs- und R\u00fcckversicherungsvermittler der Generaldirektion [&hellip;]\" \/>\n<meta property=\"og:url\" content=\"https:\/\/mallorcahealthagent.com\/de\/rechtlicher-hinweis\/\" \/>\n<meta property=\"og:site_name\" content=\"Mallorca Health Agent\" \/>\n<meta property=\"article:modified_time\" content=\"2025-11-11T11:20:34+00:00\" \/>\n<meta name=\"twitter:card\" content=\"summary_large_image\" \/>\n<meta name=\"twitter:label1\" content=\"Gesch\u00e4tzte Lesezeit\" \/>\n\t<meta name=\"twitter:data1\" content=\"2\u00a0Minuten\" \/>\n<script type=\"application\/ld+json\" class=\"yoast-schema-graph\">{\"@context\":\"https:\/\/schema.org\",\"@graph\":[{\"@type\":\"WebPage\",\"@id\":\"https:\/\/mallorcahealthagent.com\/de\/rechtlicher-hinweis\/\",\"url\":\"https:\/\/mallorcahealthagent.com\/de\/rechtlicher-hinweis\/\",\"name\":\"Rechtlicher Hinweis - Mallorca Health Agent\",\"isPartOf\":{\"@id\":\"https:\/\/mallorcahealthagent.com\/#website\"},\"datePublished\":\"2025-10-22T12:28:52+00:00\",\"dateModified\":\"2025-11-11T11:20:34+00:00\",\"breadcrumb\":{\"@id\":\"https:\/\/mallorcahealthagent.com\/de\/rechtlicher-hinweis\/#breadcrumb\"},\"inLanguage\":\"de\",\"potentialAction\":[{\"@type\":\"ReadAction\",\"target\":[\"https:\/\/mallorcahealthagent.com\/de\/rechtlicher-hinweis\/\"]}]},{\"@type\":\"BreadcrumbList\",\"@id\":\"https:\/\/mallorcahealthagent.com\/de\/rechtlicher-hinweis\/#breadcrumb\",\"itemListElement\":[{\"@type\":\"ListItem\",\"position\":1,\"name\":\"Portada\",\"item\":\"https:\/\/mallorcahealthagent.com\/de\/\"},{\"@type\":\"ListItem\",\"position\":2,\"name\":\"Rechtlicher Hinweis\"}]},{\"@type\":\"WebSite\",\"@id\":\"https:\/\/mallorcahealthagent.com\/#website\",\"url\":\"https:\/\/mallorcahealthagent.com\/\",\"name\":\"Mallorca Health Agent\",\"description\":\"Exklusiv-Agent von Sanitas in Palma de Mallorca\",\"potentialAction\":[{\"@type\":\"SearchAction\",\"target\":{\"@type\":\"EntryPoint\",\"urlTemplate\":\"https:\/\/mallorcahealthagent.com\/?s={search_term_string}\"},\"query-input\":{\"@type\":\"PropertyValueSpecification\",\"valueRequired\":true,\"valueName\":\"search_term_string\"}}],\"inLanguage\":\"de\"}]}<\/script>\n<!-- \/ Yoast SEO plugin. -->","yoast_head_json":{"title":"Rechtlicher Hinweis - Mallorca Health Agent","robots":{"index":"index","follow":"follow","max-snippet":"max-snippet:-1","max-image-preview":"max-image-preview:large","max-video-preview":"max-video-preview:-1"},"canonical":"https:\/\/mallorcahealthagent.com\/de\/rechtlicher-hinweis\/","og_locale":"de_DE","og_type":"article","og_title":"Rechtlicher Hinweis - Mallorca Health Agent","og_description":"In \u00dcbereinstimmung mit Artikel 10 des Gesetzes 34\/2002 vom 11. Juli \u00fcber Informationsgesellschaftsdienste und elektronischen Gesch\u00e4ftsverkehr (LSSICE) werden die Nutzer \u00fcber folgende Daten informiert:1. IDENTIFIKATIONWebsite-Inhaber: Melanie Llad\u00f3 ClaussenNIF\/CIF: 43091639NSitz: Av. del Gran i General Consell, 6, Nord, 07004 Palma, Balearische InselnTelefon: [Telefonnummer]E-Mail: mllado.agenteexclusivo@sanitas.esWebsite: www.mallorcahealthagent.comRegistrierung als Versicherungsvermittler: Eingetragen im Verwaltungsregister f\u00fcr Versicherungs- und R\u00fcckversicherungsvermittler der Generaldirektion [&hellip;]","og_url":"https:\/\/mallorcahealthagent.com\/de\/rechtlicher-hinweis\/","og_site_name":"Mallorca Health Agent","article_modified_time":"2025-11-11T11:20:34+00:00","twitter_card":"summary_large_image","twitter_misc":{"Gesch\u00e4tzte Lesezeit":"2\u00a0Minuten"},"schema":{"@context":"https:\/\/schema.org","@graph":[{"@type":"WebPage","@id":"https:\/\/mallorcahealthagent.com\/de\/rechtlicher-hinweis\/","url":"https:\/\/mallorcahealthagent.com\/de\/rechtlicher-hinweis\/","name":"Rechtlicher Hinweis - Mallorca Health Agent","isPartOf":{"@id":"https:\/\/mallorcahealthagent.com\/#website"},"datePublished":"2025-10-22T12:28:52+00:00","dateModified":"2025-11-11T11:20:34+00:00","breadcrumb":{"@id":"https:\/\/mallorcahealthagent.com\/de\/rechtlicher-hinweis\/#breadcrumb"},"inLanguage":"de","potentialAction":[{"@type":"ReadAction","target":["https:\/\/mallorcahealthagent.com\/de\/rechtlicher-hinweis\/"]}]},{"@type":"BreadcrumbList","@id":"https:\/\/mallorcahealthagent.com\/de\/rechtlicher-hinweis\/#breadcrumb","itemListElement":[{"@type":"ListItem","position":1,"name":"Portada","item":"https:\/\/mallorcahealthagent.com\/de\/"},{"@type":"ListItem","position":2,"name":"Rechtlicher Hinweis"}]},{"@type":"WebSite","@id":"https:\/\/mallorcahealthagent.com\/#website","url":"https:\/\/mallorcahealthagent.com\/","name":"Mallorca Health Agent","description":"Exklusiv-Agent von Sanitas in Palma de Mallorca","potentialAction":[{"@type":"SearchAction","target":{"@type":"EntryPoint","urlTemplate":"https:\/\/mallorcahealthagent.com\/?s={search_term_string}"},"query-input":{"@type":"PropertyValueSpecification","valueRequired":true,"valueName":"search_term_string"}}],"inLanguage":"de"}]}},"_links":{"self":[{"href":"https:\/\/mallorcahealthagent.com\/de\/wp-json\/wp\/v2\/pages\/1879","targetHints":{"allow":["GET"]}}],"collection":[{"href":"https:\/\/mallorcahealthagent.com\/de\/wp-json\/wp\/v2\/pages"}],"about":[{"href":"https:\/\/mallorcahealthagent.com\/de\/wp-json\/wp\/v2\/types\/page"}],"author":[{"embeddable":true,"href":"https:\/\/mallorcahealthagent.com\/de\/wp-json\/wp\/v2\/users\/1"}],"replies":[{"embeddable":true,"href":"https:\/\/mallorcahealthagent.com\/de\/wp-json\/wp\/v2\/comments?post=1879"}],"version-history":[{"count":2,"href":"https:\/\/mallorcahealthagent.com\/de\/wp-json\/wp\/v2\/pages\/1879\/revisions"}],"predecessor-version":[{"id":1979,"href":"https:\/\/mallorcahealthagent.com\/de\/wp-json\/wp\/v2\/pages\/1879\/revisions\/1979"}],"wp:attachment":[{"href":"https:\/\/mallorcahealthagent.com\/de\/wp-json\/wp\/v2\/media?parent=1879"}],"curies":[{"name":"wp","href":"https:\/\/api.w.org\/{rel}","templated":true}]}}