{"id":1883,"date":"2025-09-30T09:52:06","date_gmt":"2025-09-30T07:52:06","guid":{"rendered":"https:\/\/mallorcahealthagent.com\/ienstleistungen\/"},"modified":"2025-11-11T16:50:11","modified_gmt":"2025-11-11T14:50:11","slug":"ienstleistungen","status":"publish","type":"page","link":"https:\/\/mallorcahealthagent.com\/de\/ienstleistungen\/","title":{"rendered":"Ienstleistungen"},"content":{"rendered":"\t\t<div data-elementor-type=\"wp-page\" data-elementor-id=\"1883\" class=\"elementor elementor-1883 elementor-700\" data-elementor-post-type=\"page\">\n\t\t\t\t<div class=\"elementor-element elementor-element-5322225 e-flex e-con-boxed e-con e-parent\" data-id=\"5322225\" data-element_type=\"container\" data-settings=\"{&quot;background_background&quot;:&quot;classic&quot;}\">\n\t\t\t\t\t<div class=\"e-con-inner\">\n\t\t\t\t<div class=\"elementor-element elementor-element-ac40126 elementor-widget elementor-widget-heading\" data-id=\"ac40126\" data-element_type=\"widget\" data-widget_type=\"heading.default\">\n\t\t\t\t\t<h1 class=\"elementor-heading-title elementor-size-default\">Ienstleistungen<\/h1>\t\t\t\t<\/div>\n\t\t\t\t\t<\/div>\n\t\t\t\t<\/div>\n\t\t<div class=\"elementor-element elementor-element-1cab90a e-con-full e-flex e-con e-parent\" data-id=\"1cab90a\" data-element_type=\"container\" data-settings=\"{&quot;background_background&quot;:&quot;classic&quot;}\">\n\t\t<div class=\"elementor-element elementor-element-da9d64a e-con-full e-flex e-con e-child\" data-id=\"da9d64a\" data-element_type=\"container\">\n\t\t\t\t<div class=\"elementor-element elementor-element-7b5ca17 elementor-align-left elementor-widget elementor-widget-home-1-services\" data-id=\"7b5ca17\" data-element_type=\"widget\" data-widget_type=\"home-1-services.default\">\n\t\t\t\t<div class=\"elementor-widget-container\">\n\t\t\t\t\t\n\t\t\t\t<section class=\"service-content-area bg-silver pdt-110 pdb-110\" data-background=\"https:\/\/shtheme.com\/demosd\/insuren\/wp-content\/uploads\/2022\/11\/abs-bg8.png\">\n\t\t\t\t\t\t\t\t\t<div class=\"section-title text-center wow fadeInUp\" data-wow-delay=\"0ms\" data-wow-duration=\"1500ms\">\n\t\t\t\t<div class=\"container\">\n\t\t\t\t\t<div class=\"row\">\n\t\t\t\t\t\t<div class=\"col\"><\/div>\n\t\t\t\t\t\t<div class=\"col-lg-8 col-xl-6\">\n\t\t\t\t\t\t\t<div class=\"title-box-center\">\n\t\t\t\t\t\t\t\t\t\t\t\t\t\t\t\t<h2 class=\"sub-title sub-title-primary-color text-primary-color mrb-20\">Unsere Versicherungen<\/h2>\n\t\t\t\t\t\t\t\t\t\t\t\t\t\t\t\t\t\t\t\t\t\t\t\t<h3>Schutz, der zu Ihnen passt<\/h3>\n\t\t\t\t\t\t\t\t\t\t\t\t\t\t\t<\/div>\n\t\t\t\t\t\t<\/div>\n\t\t\t\t\t\t<div class=\"col\"><\/div>\n\t\t\t\t\t<\/div>\n\t\t\t\t<\/div>\n\t\t\t<\/div>\n\t\t\t\t\t\t<div class=\"section-content\">\n\t\t\t\t<div class=\"container\">\n\t\t\t\t\t<div class=\"row\">\n\t\t\t\t\t\t\t\t\t\t\t\t<div class=\"col-xl-3 col-lg-4 col-md-6\">\n\t\t\t\t\t\t\t<div class=\"service-style4\">\n\t\t\t\t\t\t\t\t<div class=\"service-item-thumb\">\n\t\t\t\t\t\t\t\t\t<img decoding=\"async\" class=\"img-full\" src=\"https:\/\/mallorcahealthagent.com\/wp-content\/uploads\/2022\/08\/bupa-seguros-decesos.webp\" alt=\"\">\n\t\t\t\t\t\t\t\t\t<div class=\"service-item-icon\">\n\t\t\t\t\t\t\t\t\t\t<i class=\"webexflaticon flaticon-briefcase-1\"><\/i>\n\t\t\t\t\t\t\t\t\t<\/div>\n\t\t\t\t\t\t\t\t<\/div>\n\t\t\t\t\t\t\t\t<div class=\"service-item-content\">\n\t\t\t\t\t\t\t\t\t<h4 class=\"service-item-title\"><a href=\"https:\/\/mallorcahealthagent.com\/de\/service\/bestattungsversicherung-auf-mallorca\/\">Bestattungsversicherung auf Mallorca<\/a><\/h4>\n\t\t\t\t\t\t\t\t\t<p class=\"service-item-para\">Bestattungsversicherung Sanitas bietet mehrere Sterbeversicherungsprodukte an (wie Asistencia Familiar iPlus oder Asistencia Senior), die...<\/p>\n\t\t\t\t\t\t\t\t\t\t\t\t\t\t\t\t\t\t<div class=\"service-item-link\">\n\t\t\t\t\t\t\t\t\t\t<a href=\"https:\/\/mallorcahealthagent.com\/de\/service\/bestattungsversicherung-auf-mallorca\/\" class=\"cs-btn-one btn-primary-color btn-sm btn-block mrr-30\">Anzeigen<\/a>\n\t\t\t\t\t\t\t\t\t<\/div>\n\t\t\t\t\t\t\t\t\t\t\t\t\t\t\t\t\t<\/div>\n\t\t\t\t\t\t\t<\/div>\n\t\t\t\t\t\t<\/div>\n\t\t\t\t\t\t\t\t\t\t\t\t<div class=\"col-xl-3 col-lg-4 col-md-6\">\n\t\t\t\t\t\t\t<div class=\"service-style4\">\n\t\t\t\t\t\t\t\t<div class=\"service-item-thumb\">\n\t\t\t\t\t\t\t\t\t<img decoding=\"async\" class=\"img-full\" src=\"https:\/\/mallorcahealthagent.com\/wp-content\/uploads\/2022\/08\/service2.jpg\" alt=\"\">\n\t\t\t\t\t\t\t\t\t<div class=\"service-item-icon\">\n\t\t\t\t\t\t\t\t\t\t<i class=\"webexflaticon fi-tr-file-medical-alt\"><\/i>\n\t\t\t\t\t\t\t\t\t<\/div>\n\t\t\t\t\t\t\t\t<\/div>\n\t\t\t\t\t\t\t\t<div class=\"service-item-content\">\n\t\t\t\t\t\t\t\t\t<h4 class=\"service-item-title\"><a href=\"https:\/\/mallorcahealthagent.com\/de\/service\/krankenversicherung-auf-mallorca\/\">Krankenversicherung auf Mallorca<\/a><\/h4>\n\t\t\t\t\t\t\t\t\t<p class=\"service-item-para\">Krankenversicherung Sanitas bietet umfassende Krankenversicherungen, die auf jede Person individuell zugeschnitten sind. Sie k\u00f6nnen...<\/p>\n\t\t\t\t\t\t\t\t\t\t\t\t\t\t\t\t\t\t<div class=\"service-item-link\">\n\t\t\t\t\t\t\t\t\t\t<a href=\"https:\/\/mallorcahealthagent.com\/de\/service\/krankenversicherung-auf-mallorca\/\" class=\"cs-btn-one btn-primary-color btn-sm btn-block mrr-30\">Anzeigen<\/a>\n\t\t\t\t\t\t\t\t\t<\/div>\n\t\t\t\t\t\t\t\t\t\t\t\t\t\t\t\t\t<\/div>\n\t\t\t\t\t\t\t<\/div>\n\t\t\t\t\t\t<\/div>\n\t\t\t\t\t\t\t\t\t\t\t\t<div class=\"col-xl-3 col-lg-4 col-md-6\">\n\t\t\t\t\t\t\t<div class=\"service-style4\">\n\t\t\t\t\t\t\t\t<div class=\"service-item-thumb\">\n\t\t\t\t\t\t\t\t\t<img decoding=\"async\" class=\"img-full\" src=\"https:\/\/mallorcahealthagent.com\/wp-content\/uploads\/2022\/08\/bupa-seguros-pymes.webp\" alt=\"\">\n\t\t\t\t\t\t\t\t\t<div class=\"service-item-icon\">\n\t\t\t\t\t\t\t\t\t\t<i class=\"webexflaticon fi-tr-corporate\"><\/i>\n\t\t\t\t\t\t\t\t\t<\/div>\n\t\t\t\t\t\t\t\t<\/div>\n\t\t\t\t\t\t\t\t<div class=\"service-item-content\">\n\t\t\t\t\t\t\t\t\t<h4 class=\"service-item-title\"><a href=\"https:\/\/mallorcahealthagent.com\/de\/service\/krankenversicherung-fur-kmu-auf-mallorca\/\">Krankenversicherung f\u00fcr KMU auf Mallorca<\/a><\/h4>\n\t\t\t\t\t\t\t\t\t<p class=\"service-item-para\">Krankenversicherung f\u00fcr KMU Sanitas bietet umfassende Krankenversicherungen, die auf Ihr Unternehmen zugeschnitten sind. Sorgen...<\/p>\n\t\t\t\t\t\t\t\t\t\t\t\t\t\t\t\t\t\t<div class=\"service-item-link\">\n\t\t\t\t\t\t\t\t\t\t<a href=\"https:\/\/mallorcahealthagent.com\/de\/service\/krankenversicherung-fur-kmu-auf-mallorca\/\" class=\"cs-btn-one btn-primary-color btn-sm btn-block mrr-30\">Anzeigen<\/a>\n\t\t\t\t\t\t\t\t\t<\/div>\n\t\t\t\t\t\t\t\t\t\t\t\t\t\t\t\t\t<\/div>\n\t\t\t\t\t\t\t<\/div>\n\t\t\t\t\t\t<\/div>\n\t\t\t\t\t\t\t\t\t\t\t\t<div class=\"col-xl-3 col-lg-4 col-md-6\">\n\t\t\t\t\t\t\t<div class=\"service-style4\">\n\t\t\t\t\t\t\t\t<div class=\"service-item-thumb\">\n\t\t\t\t\t\t\t\t\t<img decoding=\"async\" class=\"img-full\" src=\"https:\/\/mallorcahealthagent.com\/wp-content\/uploads\/2022\/08\/bupa-seguros-mascotas.webp\" alt=\"\">\n\t\t\t\t\t\t\t\t\t<div class=\"service-item-icon\">\n\t\t\t\t\t\t\t\t\t\t<i class=\"webexflaticon fi-tr-dog\"><\/i>\n\t\t\t\t\t\t\t\t\t<\/div>\n\t\t\t\t\t\t\t\t<\/div>\n\t\t\t\t\t\t\t\t<div class=\"service-item-content\">\n\t\t\t\t\t\t\t\t\t<h4 class=\"service-item-title\"><a href=\"https:\/\/mallorcahealthagent.com\/de\/service\/haustier-krankenversicherung-auf-mallorca\/\">Haustier-Krankenversicherung auf Mallorca<\/a><\/h4>\n\t\t\t\t\t\t\t\t\t<p class=\"service-item-para\">Haustier-Krankenversicherung Sanitas bietet eine Tierkrankenversicherung f\u00fcr Hunde und Katzen an, die darauf ausgelegt ist,...<\/p>\n\t\t\t\t\t\t\t\t\t\t\t\t\t\t\t\t\t\t<div class=\"service-item-link\">\n\t\t\t\t\t\t\t\t\t\t<a href=\"https:\/\/mallorcahealthagent.com\/de\/service\/haustier-krankenversicherung-auf-mallorca\/\" class=\"cs-btn-one btn-primary-color btn-sm btn-block mrr-30\">Anzeigen<\/a>\n\t\t\t\t\t\t\t\t\t<\/div>\n\t\t\t\t\t\t\t\t\t\t\t\t\t\t\t\t\t<\/div>\n\t\t\t\t\t\t\t<\/div>\n\t\t\t\t\t\t<\/div>\n\t\t\t\t\t\t\t\t\t\t\t<\/div>\n\t\t\t\t\t\t\t\t\t<\/div>\n\t\t\t<\/div>\n\t\t<\/section>\n\n\t\t\t\t\t<\/div>\n\t\t\t\t<\/div>\n\t\t\t\t<\/div>\n\t\t\t\t<\/div>\n\t\t<div class=\"elementor-element elementor-element-bb11da1 e-con-full e-flex e-con e-parent\" data-id=\"bb11da1\" data-element_type=\"container\">\n\t\t<div class=\"elementor-element elementor-element-6b451a3 e-con-full e-flex e-con e-child\" data-id=\"6b451a3\" data-element_type=\"container\">\n\t\t\t\t<div class=\"elementor-element elementor-element-70c2154 elementor-align-left elementor-mobile-align-center elementor-widget elementor-widget-home-1-faq\" data-id=\"70c2154\" data-element_type=\"widget\" data-widget_type=\"home-1-faq.default\">\n\t\t\t\t<div class=\"elementor-widget-container\">\n\t\t\t\t\t\r\n\t\t\t\t<section class=\"about-section pdt-110 pdb-95 pdb-lg-55 pdb-sm-50\" data-background=\"https:\/\/shtheme.com\/demosd\/insuren\/wp-content\/uploads\/2022\/11\/abs-bg10.png\">\r\n\t\t\t\t\t<div class=\"container\">\r\n\t\t\t\t<div class=\"row\">\r\n\t\t\t\t\t<div class=\"col-md-12 col-lg-5 col-xl-5 wow fadeInLeft\" data-wow-delay=\"0ms\" data-wow-duration=\"1000ms\">\r\n\t\t\t\t\t\t<div class=\"request-a-call-back-form mrb-md-60\">\r\n\t\t\t\t\t\t\t\t\t\t\t\t\t\t<h2 class=\"mrt-0 mrb-25 solid-bottom-line\">Kontakt<\/h2>\r\n\t\t\t\t\t\t\t\t\t\t\t\t\t\t\t\t\t\t\t\t\t<p class=\"mrb-30\">Haben Sie Fragen zu einem unserer Produkte? Senden Sie uns eine Nachricht und wir werden Sie so schnell wie m\u00f6glich informieren.<\/p>\r\n\t\t\t\t\t\t\t\t\t\t\t\t\t\t\t\t\t\t\t\t\t\n<div class=\"wpcf7 no-js\" id=\"wpcf7-f1995-o1\" lang=\"de-DE\" dir=\"ltr\" data-wpcf7-id=\"1995\">\n<div class=\"screen-reader-response\"><p role=\"status\" aria-live=\"polite\" aria-atomic=\"true\"><\/p> <ul><\/ul><\/div>\n<form action=\"\/de\/wp-json\/wp\/v2\/pages\/1883#wpcf7-f1995-o1\" method=\"post\" class=\"wpcf7-form init\" aria-label=\"Kontaktformular\" novalidate=\"novalidate\" data-status=\"init\">\n<fieldset class=\"hidden-fields-container\"><input type=\"hidden\" name=\"_wpcf7\" value=\"1995\" \/><input type=\"hidden\" name=\"_wpcf7_version\" value=\"6.1.3\" \/><input type=\"hidden\" name=\"_wpcf7_locale\" value=\"de_DE\" \/><input type=\"hidden\" name=\"_wpcf7_unit_tag\" value=\"wpcf7-f1995-o1\" \/><input type=\"hidden\" name=\"_wpcf7_container_post\" value=\"0\" \/><input type=\"hidden\" name=\"_wpcf7_posted_data_hash\" value=\"\" \/>\n<\/fieldset>\n<div>\n  <div class=\"mel-row\">\n    <label class=\"mel-label\">Name*\n<span class=\"wpcf7-form-control-wrap\" data-name=\"your-name\"><input size=\"40\" maxlength=\"400\" class=\"wpcf7-form-control wpcf7-text wpcf7-validates-as-required mel-input\" autocomplete=\"name\" aria-required=\"true\" aria-invalid=\"false\" placeholder=\"Name\" value=\"\" type=\"text\" name=\"your-name\" \/><\/span>\n    <\/label>\n  <\/div>\n\n  <div class=\"mel-row\">\n    <label class=\"mel-label\">E-mail*\n<span class=\"wpcf7-form-control-wrap\" data-name=\"your-email\"><input size=\"40\" maxlength=\"400\" class=\"wpcf7-form-control wpcf7-email wpcf7-validates-as-required wpcf7-text wpcf7-validates-as-email mel-input\" autocomplete=\"email\" aria-required=\"true\" aria-invalid=\"false\" placeholder=\"E-mail\" value=\"\" type=\"email\" name=\"your-email\" \/><\/span>\n<\/label>\n\n<label class=\"mel-label\">Telefon*\n<span class=\"wpcf7-form-control-wrap\" data-name=\"your-phone\"><input size=\"40\" maxlength=\"400\" class=\"wpcf7-form-control wpcf7-tel wpcf7-validates-as-required wpcf7-text wpcf7-validates-as-tel mel-input\" autocomplete=\"tel\" aria-required=\"true\" aria-invalid=\"false\" placeholder=\"Telefon\" value=\"\" type=\"tel\" name=\"your-phone\" \/><\/span>\n<\/label> \n  <\/div>\n\n  <div class=\"mel-row\">\n    <label class=\"mel-label\">Geburtsdatum*\n<span class=\"wpcf7-form-control-wrap\" data-name=\"your-birth\"><input class=\"wpcf7-form-control wpcf7-date wpcf7-validates-as-required wpcf7-validates-as-date mel-input\" aria-required=\"true\" aria-invalid=\"false\" placeholder=\"Geburtsdatum\" value=\"\" type=\"date\" name=\"your-birth\" \/><\/span>\n<\/label>\n\n<label class=\"mel-label\">Postleitzahl*\n<span class=\"wpcf7-form-control-wrap\" data-name=\"your-zip\"><input size=\"40\" maxlength=\"400\" class=\"wpcf7-form-control wpcf7-text wpcf7-validates-as-required mel-input\" aria-required=\"true\" aria-invalid=\"false\" placeholder=\"Postletzahl\" value=\"\" type=\"text\" name=\"your-zip\" \/><\/span>\n<\/label> \n  <\/div>\n\n  <label class=\"mel-label\">Nachricht (optional)\n<span class=\"wpcf7-form-control-wrap\" data-name=\"your-message\"><textarea cols=\"40\" rows=\"10\" maxlength=\"2000\" class=\"wpcf7-form-control wpcf7-textarea mel-textarea\" aria-invalid=\"false\" placeholder=\"Ihre nachricht\" name=\"your-message\"><\/textarea><\/span>\n  <\/label>\n\n  <div class=\"mel-label\">\n    <span class=\"wpcf7-form-control-wrap\" data-name=\"acceptance-641\"><span class=\"wpcf7-form-control wpcf7-acceptance\"><span class=\"wpcf7-list-item\"><label><input type=\"checkbox\" name=\"acceptance-641\" value=\"1\" aria-invalid=\"false\" \/><span class=\"wpcf7-list-item-label\">Ich akzeptiere die <a href=\"\/politica-de-privacidad\" class=\"link-privacidad\">Datenschutzerkl\u00e4rung*<\/a><\/span><\/label><\/span><\/span><\/span>\n  <\/div>\n\n  <input class=\"wpcf7-form-control wpcf7-submit has-spinner mel-submit\" type=\"submit\" value=\"Senden\" \/>\n<\/div><p style=\"display: none !important;\" class=\"akismet-fields-container\" data-prefix=\"_wpcf7_ak_\"><label>&#916;<textarea name=\"_wpcf7_ak_hp_textarea\" cols=\"45\" rows=\"8\" maxlength=\"100\"><\/textarea><\/label><input type=\"hidden\" id=\"ak_js_1\" name=\"_wpcf7_ak_js\" value=\"91\"\/><script>document.getElementById( \"ak_js_1\" ).setAttribute( \"value\", ( new Date() ).getTime() );<\/script><\/p><div class=\"wpcf7-response-output\" aria-hidden=\"true\"><\/div>\n<\/form>\n<\/div>\n\t\t\t\t\t\t\t\t\t\t\t\t\t<\/div>\r\n\t\t\t\t\t<\/div>\r\n\t\t\t\t\t<div class=\"col d-xl-block d-none\"><\/div>\r\n\t\t\t\t\t<div class=\"col-md-12 col-lg-7 col-xl-6 wow fadeInRight mrb-lg-40\" data-wow-delay=\"0ms\" data-wow-duration=\"1000ms\">\r\n\t\t\t\t\t\t\t\t\t\t\t\t<h5 class=\"side-line-left text-primary-color mrb-10\">Weitere Informationen<\/h5>\r\n\t\t\t\t\t\t\t\t\t\t\t\t\t\t\t\t\t\t<h2 class=\"mrb-35\">FAQ<\/h2>\r\n\t\t\t\t\t\t\t\t\t\t\t\t<div class=\"faq-block\">\r\n\t\t\t\t\t\t\t<div class=\"accordion\">\r\n\t\t\t\t\t\t\t\t\t\t\t\t\t\t\t\t<div class=\"accordion-item\">\r\n\t\t\t\t\t\t\t\t\t\t\t\t\t\t\t\t\t\t<div class=\"accordion-header active\">\r\n\t\t\t\t\t\t\t\t\t\t\t\t\t\t\t\t\t\t\t\t\t\t\t\t\t\t\t\t\t\t<h5 class=\"title\">Wie wei\u00df ich, welche Versicherung ich brauche?<\/h5>\r\n\t\t\t\t\t\t\t\t\t\t\t\t\t\t\t\t\t\t\t\t<span class=\"fas fa-arrow-right\"><\/span>\r\n\t\t\t\t\t\t\t\t\t<\/div>\r\n\t\t\t\t\t\t\t\t\t\t\t\t\t\t\t\t\t\t<div class=\"accordion-body\">\r\n\t\t\t\t\t\t\t\t\t\t<p>Keine Sorge, wenn Sie sich nicht sicher sind, welche Versicherung am besten zu Ihnen passt.\nMeine Aufgabe ist es, Ihnen zu helfen, Ihre Bed\u00fcrfnisse, Ihren Lebensstil und Ihre famili\u00e4re Situation zu analysieren und Ihnen dann den Plan zu empfehlen, der am besten passt.\nIch kann Gesundheits-, Bestattungs-, Tier- oder Unternehmensversicherungen anbieten, alle mit individuell anpassbaren Leistungen.<\/p>\r\n\t\t\t\t\t\t\t\t\t<\/div>\r\n\t\t\t\t\t\t\t\t\t\t\t\t\t\t\t\t\t<\/div>\r\n\t\t\t\t\t\t\t\t\t\t\t\t\t\t\t\t<div class=\"accordion-item\">\r\n\t\t\t\t\t\t\t\t\t\t\t\t\t\t\t\t\t\t<div class=\"accordion-header\">\r\n\t\t\t\t\t\t\t\t\t\t\t\t\t\t\t\t\t\t\t\t\t\t\t\t\t\t\t\t\t<h5 class=\"title\">Kann ich die Versicherung direkt bei Ihnen abschlie\u00dfen?<\/h5>\r\n\t\t\t\t\t\t\t\t\t\t\t\t\t\t\t\t\t\t\t\t<span class=\"fas fa-arrow-right\"><\/span>\r\n\t\t\t\t\t\t\t\t\t<\/div>\r\n\t\t\t\t\t\t\t\t\t\t\t\t\t\t\t\t\t\t<div class=\"accordion-body\">\r\n\t\t\t\t\t\t\t\t\t\t<p>Ja, ich kann den gesamten Prozess direkt und unkompliziert abwickeln.\nIch berate Sie unverbindlich, erkl\u00e4re Ihnen jedes Detail und, wenn Sie sich entscheiden weiterzumachen, schlie\u00dfen wir den Vertrag sicher und schnell ab \u2013 ohne Vermittler oder komplizierte Abl\u00e4ufe.<\/p>\r\n\t\t\t\t\t\t\t\t\t<\/div>\r\n\t\t\t\t\t\t\t\t\t\t\t\t\t\t\t\t\t<\/div>\r\n\t\t\t\t\t\t\t\t\t\t\t\t\t\t\t\t<div class=\"accordion-item\">\r\n\t\t\t\t\t\t\t\t\t\t\t\t\t\t\t\t\t\t<div class=\"accordion-header\">\r\n\t\t\t\t\t\t\t\t\t\t\t\t\t\t\t\t\t\t\t\t\t\t\t\t\t\t\t\t\t<h5 class=\"title\">Welche Vorteile hat es, dies mit einer Sanitas-Agentin zu tun?<\/h5>\r\n\t\t\t\t\t\t\t\t\t\t\t\t\t\t\t\t\t\t\t\t<span class=\"fas fa-arrow-right\"><\/span>\r\n\t\t\t\t\t\t\t\t\t<\/div>\r\n\t\t\t\t\t\t\t\t\t\t\t\t\t\t\t\t\t\t<div class=\"accordion-body\">\r\n\t\t\t\t\t\t\t\t\t\t<p>Mit einer spezialisierten Agentin erhalten Sie eine pers\u00f6nliche und individuelle Betreuung.\nSie sprechen nicht mit einem Callcenter, sondern mit einer Person, die Sie vor, w\u00e4hrend und nach dem Vertragsabschluss begleitet.\nDar\u00fcber hinaus haben Sie die Sicherheit, alle Fragen oder Anliegen mit jemandem zu kl\u00e4ren, der Ihren Fall bereits kennt.<\/p>\r\n\t\t\t\t\t\t\t\t\t<\/div>\r\n\t\t\t\t\t\t\t\t\t\t\t\t\t\t\t\t\t<\/div>\r\n\t\t\t\t\t\t\t\t\t\t\t\t\t\t\t<\/div>\r\n\t\t\t\t\t\t<\/div>\r\n\t\t\t\t\t<\/div>\r\n\t\t\t\t<\/div>\r\n\t\t\t<\/div>\r\n\t\t<\/section>\r\n\r\n\t\t\t\t\t<\/div>\n\t\t\t\t<\/div>\n\t\t\t\t<\/div>\n\t\t\t\t<\/div>\n\t\t\t\t<\/div>\n\t\t","protected":false},"excerpt":{"rendered":"<p>Unsere Versicherungen Schutz, der zu Ihnen passt Bestattungsversicherung auf Mallorca Bestattungsversicherung Sanitas bietet mehrere Sterbeversicherungsprodukte an (wie Asistencia Familiar iPlus oder Asistencia Senior), die&#8230; Anzeigen Krankenversicherung auf Mallorca Krankenversicherung Sanitas bietet umfassende Krankenversicherungen, die auf jede Person individuell zugeschnitten sind. Sie k\u00f6nnen&#8230; Anzeigen Krankenversicherung f\u00fcr KMU auf Mallorca Krankenversicherung f\u00fcr KMU Sanitas bietet umfassende Krankenversicherungen, [&hellip;]<\/p>\n","protected":false},"author":1,"featured_media":0,"parent":0,"menu_order":0,"comment_status":"closed","ping_status":"closed","template":"elementor_header_footer","meta":{"_joinchat":[],"footnotes":""},"class_list":["post-1883","page","type-page","status-publish","hentry"],"yoast_head":"<!-- This site is optimized with the Yoast SEO plugin v26.3 - https:\/\/yoast.com\/wordpress\/plugins\/seo\/ -->\n<title>Dienstleistungen | Exklusiver Sanitas-Agent<\/title>\n<meta name=\"description\" content=\"Entdecken Sie Kranken-, Bestattungs-, Haustier- und KMU-Versicherungen mit pers\u00f6nlicher Beratung. Ich helfe Ihnen, den Plan auszuw\u00e4hlen, der am besten zu Ihnen passt.\" \/>\n<meta name=\"robots\" content=\"index, follow, max-snippet:-1, max-image-preview:large, max-video-preview:-1\" \/>\n<link rel=\"canonical\" href=\"https:\/\/mallorcahealthagent.com\/de\/ienstleistungen\/\" \/>\n<meta property=\"og:locale\" content=\"de_DE\" \/>\n<meta property=\"og:type\" content=\"article\" \/>\n<meta property=\"og:title\" content=\"Dienstleistungen | Exklusiver Sanitas-Agent\" \/>\n<meta property=\"og:description\" content=\"Entdecken Sie Kranken-, Bestattungs-, Haustier- und KMU-Versicherungen mit pers\u00f6nlicher Beratung. Ich helfe Ihnen, den Plan auszuw\u00e4hlen, der am besten zu Ihnen passt.\" \/>\n<meta property=\"og:url\" content=\"https:\/\/mallorcahealthagent.com\/de\/ienstleistungen\/\" \/>\n<meta property=\"og:site_name\" content=\"Mallorca Health Agent\" \/>\n<meta property=\"article:modified_time\" content=\"2025-11-11T14:50:11+00:00\" \/>\n<meta property=\"og:image\" content=\"https:\/\/mallorcahealthagent.com\/wp-content\/uploads\/2022\/08\/bupa-seguros-decesos.webp\" \/>\n<meta name=\"twitter:card\" content=\"summary_large_image\" \/>\n<meta name=\"twitter:label1\" content=\"Gesch\u00e4tzte Lesezeit\" \/>\n\t<meta name=\"twitter:data1\" content=\"3\u00a0Minuten\" \/>\n<script type=\"application\/ld+json\" class=\"yoast-schema-graph\">{\"@context\":\"https:\/\/schema.org\",\"@graph\":[{\"@type\":\"WebPage\",\"@id\":\"https:\/\/mallorcahealthagent.com\/de\/ienstleistungen\/\",\"url\":\"https:\/\/mallorcahealthagent.com\/de\/ienstleistungen\/\",\"name\":\"Dienstleistungen | Exklusiver Sanitas-Agent\",\"isPartOf\":{\"@id\":\"https:\/\/mallorcahealthagent.com\/#website\"},\"primaryImageOfPage\":{\"@id\":\"https:\/\/mallorcahealthagent.com\/de\/ienstleistungen\/#primaryimage\"},\"image\":{\"@id\":\"https:\/\/mallorcahealthagent.com\/de\/ienstleistungen\/#primaryimage\"},\"thumbnailUrl\":\"https:\/\/mallorcahealthagent.com\/wp-content\/uploads\/2022\/08\/bupa-seguros-decesos.webp\",\"datePublished\":\"2025-09-30T07:52:06+00:00\",\"dateModified\":\"2025-11-11T14:50:11+00:00\",\"description\":\"Entdecken Sie Kranken-, Bestattungs-, Haustier- und KMU-Versicherungen mit pers\u00f6nlicher Beratung. Ich helfe Ihnen, den Plan auszuw\u00e4hlen, der am besten zu Ihnen passt.\",\"breadcrumb\":{\"@id\":\"https:\/\/mallorcahealthagent.com\/de\/ienstleistungen\/#breadcrumb\"},\"inLanguage\":\"de\",\"potentialAction\":[{\"@type\":\"ReadAction\",\"target\":[\"https:\/\/mallorcahealthagent.com\/de\/ienstleistungen\/\"]}]},{\"@type\":\"ImageObject\",\"inLanguage\":\"de\",\"@id\":\"https:\/\/mallorcahealthagent.com\/de\/ienstleistungen\/#primaryimage\",\"url\":\"https:\/\/mallorcahealthagent.com\/wp-content\/uploads\/2022\/08\/bupa-seguros-decesos.webp\",\"contentUrl\":\"https:\/\/mallorcahealthagent.com\/wp-content\/uploads\/2022\/08\/bupa-seguros-decesos.webp\"},{\"@type\":\"BreadcrumbList\",\"@id\":\"https:\/\/mallorcahealthagent.com\/de\/ienstleistungen\/#breadcrumb\",\"itemListElement\":[{\"@type\":\"ListItem\",\"position\":1,\"name\":\"Portada\",\"item\":\"https:\/\/mallorcahealthagent.com\/de\/\"},{\"@type\":\"ListItem\",\"position\":2,\"name\":\"Ienstleistungen\"}]},{\"@type\":\"WebSite\",\"@id\":\"https:\/\/mallorcahealthagent.com\/#website\",\"url\":\"https:\/\/mallorcahealthagent.com\/\",\"name\":\"Mallorca Health Agent\",\"description\":\"Exklusiv-Agent von Sanitas in Palma de Mallorca\",\"potentialAction\":[{\"@type\":\"SearchAction\",\"target\":{\"@type\":\"EntryPoint\",\"urlTemplate\":\"https:\/\/mallorcahealthagent.com\/?s={search_term_string}\"},\"query-input\":{\"@type\":\"PropertyValueSpecification\",\"valueRequired\":true,\"valueName\":\"search_term_string\"}}],\"inLanguage\":\"de\"}]}<\/script>\n<!-- \/ Yoast SEO plugin. -->","yoast_head_json":{"title":"Dienstleistungen | Exklusiver Sanitas-Agent","description":"Entdecken Sie Kranken-, Bestattungs-, Haustier- und KMU-Versicherungen mit pers\u00f6nlicher Beratung. Ich helfe Ihnen, den Plan auszuw\u00e4hlen, der am besten zu Ihnen passt.","robots":{"index":"index","follow":"follow","max-snippet":"max-snippet:-1","max-image-preview":"max-image-preview:large","max-video-preview":"max-video-preview:-1"},"canonical":"https:\/\/mallorcahealthagent.com\/de\/ienstleistungen\/","og_locale":"de_DE","og_type":"article","og_title":"Dienstleistungen | Exklusiver Sanitas-Agent","og_description":"Entdecken Sie Kranken-, Bestattungs-, Haustier- und KMU-Versicherungen mit pers\u00f6nlicher Beratung. Ich helfe Ihnen, den Plan auszuw\u00e4hlen, der am besten zu Ihnen passt.","og_url":"https:\/\/mallorcahealthagent.com\/de\/ienstleistungen\/","og_site_name":"Mallorca Health Agent","article_modified_time":"2025-11-11T14:50:11+00:00","og_image":[{"url":"https:\/\/mallorcahealthagent.com\/wp-content\/uploads\/2022\/08\/bupa-seguros-decesos.webp","type":"","width":"","height":""}],"twitter_card":"summary_large_image","twitter_misc":{"Gesch\u00e4tzte Lesezeit":"3\u00a0Minuten"},"schema":{"@context":"https:\/\/schema.org","@graph":[{"@type":"WebPage","@id":"https:\/\/mallorcahealthagent.com\/de\/ienstleistungen\/","url":"https:\/\/mallorcahealthagent.com\/de\/ienstleistungen\/","name":"Dienstleistungen | Exklusiver Sanitas-Agent","isPartOf":{"@id":"https:\/\/mallorcahealthagent.com\/#website"},"primaryImageOfPage":{"@id":"https:\/\/mallorcahealthagent.com\/de\/ienstleistungen\/#primaryimage"},"image":{"@id":"https:\/\/mallorcahealthagent.com\/de\/ienstleistungen\/#primaryimage"},"thumbnailUrl":"https:\/\/mallorcahealthagent.com\/wp-content\/uploads\/2022\/08\/bupa-seguros-decesos.webp","datePublished":"2025-09-30T07:52:06+00:00","dateModified":"2025-11-11T14:50:11+00:00","description":"Entdecken Sie Kranken-, Bestattungs-, Haustier- und KMU-Versicherungen mit pers\u00f6nlicher Beratung. Ich helfe Ihnen, den Plan auszuw\u00e4hlen, der am besten zu Ihnen passt.","breadcrumb":{"@id":"https:\/\/mallorcahealthagent.com\/de\/ienstleistungen\/#breadcrumb"},"inLanguage":"de","potentialAction":[{"@type":"ReadAction","target":["https:\/\/mallorcahealthagent.com\/de\/ienstleistungen\/"]}]},{"@type":"ImageObject","inLanguage":"de","@id":"https:\/\/mallorcahealthagent.com\/de\/ienstleistungen\/#primaryimage","url":"https:\/\/mallorcahealthagent.com\/wp-content\/uploads\/2022\/08\/bupa-seguros-decesos.webp","contentUrl":"https:\/\/mallorcahealthagent.com\/wp-content\/uploads\/2022\/08\/bupa-seguros-decesos.webp"},{"@type":"BreadcrumbList","@id":"https:\/\/mallorcahealthagent.com\/de\/ienstleistungen\/#breadcrumb","itemListElement":[{"@type":"ListItem","position":1,"name":"Portada","item":"https:\/\/mallorcahealthagent.com\/de\/"},{"@type":"ListItem","position":2,"name":"Ienstleistungen"}]},{"@type":"WebSite","@id":"https:\/\/mallorcahealthagent.com\/#website","url":"https:\/\/mallorcahealthagent.com\/","name":"Mallorca Health Agent","description":"Exklusiv-Agent von Sanitas in Palma de Mallorca","potentialAction":[{"@type":"SearchAction","target":{"@type":"EntryPoint","urlTemplate":"https:\/\/mallorcahealthagent.com\/?s={search_term_string}"},"query-input":{"@type":"PropertyValueSpecification","valueRequired":true,"valueName":"search_term_string"}}],"inLanguage":"de"}]}},"_links":{"self":[{"href":"https:\/\/mallorcahealthagent.com\/de\/wp-json\/wp\/v2\/pages\/1883","targetHints":{"allow":["GET"]}}],"collection":[{"href":"https:\/\/mallorcahealthagent.com\/de\/wp-json\/wp\/v2\/pages"}],"about":[{"href":"https:\/\/mallorcahealthagent.com\/de\/wp-json\/wp\/v2\/types\/page"}],"author":[{"embeddable":true,"href":"https:\/\/mallorcahealthagent.com\/de\/wp-json\/wp\/v2\/users\/1"}],"replies":[{"embeddable":true,"href":"https:\/\/mallorcahealthagent.com\/de\/wp-json\/wp\/v2\/comments?post=1883"}],"version-history":[{"count":6,"href":"https:\/\/mallorcahealthagent.com\/de\/wp-json\/wp\/v2\/pages\/1883\/revisions"}],"predecessor-version":[{"id":2020,"href":"https:\/\/mallorcahealthagent.com\/de\/wp-json\/wp\/v2\/pages\/1883\/revisions\/2020"}],"wp:attachment":[{"href":"https:\/\/mallorcahealthagent.com\/de\/wp-json\/wp\/v2\/media?parent=1883"}],"curies":[{"name":"wp","href":"https:\/\/api.w.org\/{rel}","templated":true}]}}