{"id":1885,"date":"2025-10-22T14:31:37","date_gmt":"2025-10-22T12:31:37","guid":{"rendered":"https:\/\/mallorcahealthagent.com\/cookie-richtlinie\/"},"modified":"2025-11-11T12:48:20","modified_gmt":"2025-11-11T10:48:20","slug":"cookie-richtlinie","status":"publish","type":"page","link":"https:\/\/mallorcahealthagent.com\/de\/cookie-richtlinie\/","title":{"rendered":"Cookie-Richtlinie"},"content":{"rendered":"\t\t<div data-elementor-type=\"wp-page\" data-elementor-id=\"1885\" class=\"elementor elementor-1885 elementor-1252\" data-elementor-post-type=\"page\">\n\t\t\t\t<div class=\"elementor-element elementor-element-9d6e7f3 e-flex e-con-boxed e-con e-parent\" data-id=\"9d6e7f3\" data-element_type=\"container\" data-settings=\"{&quot;background_background&quot;:&quot;gradient&quot;}\">\n\t\t\t\t\t<div class=\"e-con-inner\">\n\t\t\t\t<div class=\"elementor-element elementor-element-c905433 elementor-widget elementor-widget-heading\" data-id=\"c905433\" data-element_type=\"widget\" data-widget_type=\"heading.default\">\n\t\t\t\t\t<h1 class=\"elementor-heading-title elementor-size-default\">Cookie-Richtlinie<\/h1>\t\t\t\t<\/div>\n\t\t\t\t\t<\/div>\n\t\t\t\t<\/div>\n\t\t<div class=\"elementor-element elementor-element-7ec0d92 e-flex e-con-boxed e-con e-parent\" data-id=\"7ec0d92\" data-element_type=\"container\">\n\t\t\t\t\t<div class=\"e-con-inner\">\n\t\t\t\t<div class=\"elementor-element elementor-element-4838232 elementor-widget elementor-widget-text-editor\" data-id=\"4838232\" data-element_type=\"widget\" data-widget_type=\"text-editor.default\">\n\t\t\t\t\t\t\t\t\t<div data-olk-copy-source=\"MessageBody\"><p><b>Letzte Aktualisierung: <\/b><span data-contrast=\"auto\"><span data-contrast=\"auto\">23. Oktober 2025<\/span><\/span><span data-ccp-props=\"{\"134233117\":false,\"134233118\":false,\"335559738\":240,\"335559739\":240}\"> <\/span><\/p><ol><li aria-level=\"2\"><b><span data-contrast=\"none\"> Was sind Cookies?<\/span><\/b><span data-ccp-props=\"{\"134233117\":false,\"134233118\":false,\"134245418\":true,\"134245529\":true,\"335559738\":299,\"335559739\":299}\"><\/span><\/li><\/ol><p><span data-contrast=\"auto\">Cookies sind kleine Textdateien, die auf Ihrem Ger\u00e4t (Computer, Handy, Tablet usw.) gespeichert werden, wenn Sie eine Website besuchen. Sie helfen, Ihren Browser zu erkennen, Ihre Einstellungen zu speichern und Ihre Benutzererfahrung zu verbessern. Auf dieser Website verwenden wir eigene und Drittanbieter-Cookies, um die Nutzung durch Besucher zu analysieren und einen besseren Service anzubieten.   <\/span><span data-ccp-props=\"{\"134233117\":false,\"134233118\":false,\"335559738\":240,\"335559739\":240}\"> <\/span><\/p><ol start=\"2\"><li aria-level=\"2\"><b><span data-contrast=\"none\"> Verantwortlicher f\u00fcr die Datenverarbeitung<\/span><\/b><span data-ccp-props=\"{\"134233117\":false,\"134233118\":false,\"134245418\":true,\"134245529\":true,\"335559738\":299,\"335559739\":299}\"><\/span><\/li><\/ol><p><b>Inhaber: <\/b><span data-contrast=\"auto\"><span data-contrast=\"auto\">Melanie Llad\u00f3 Claussen<\/span><\/span><span data-ccp-props=\"{\"134233117\":false,\"134233118\":false,\"335559738\":240,\"335559739\":240}\"> <\/span><\/p><p><span data-contrast=\"auto\"> <\/span><b>Website: <\/b><span data-contrast=\"auto\"><span data-contrast=\"none\"><a href=\"https:\/\/mallorcahealthagent.com\/de\/\">https:\/\/mallorcahealthagent.com<\/a><\/span><\/span><span data-ccp-props=\"{\"134233117\":false,\"134233118\":false,\"335559738\":240,\"335559739\":240}\"> <\/span><\/p><p><span data-contrast=\"auto\"> <\/span><b>Kontakt-E-Mail: <\/b><span data-contrast=\"auto\"><span data-contrast=\"none\"><a href=\"mailto:mllado.agenteexclusivo@sanitas.es\">mllado.agenteexclusivo@sanitas.es<\/a><\/span><\/span><span data-ccp-props=\"{\"134233117\":false,\"134233118\":false,\"335559738\":240,\"335559739\":240}\"> <\/span><\/p><ol start=\"3\"><li aria-level=\"2\"><b><span data-contrast=\"none\"> Arten von Cookies, die wir verwenden<\/span><\/b><span data-ccp-props=\"{\"134233117\":false,\"134233118\":false,\"134245418\":true,\"134245529\":true,\"335559738\":299,\"335559739\":299}\"><\/span><\/li><li aria-level=\"3\"><b><span data-contrast=\"none\">a) Technische oder notwendige Cookies<\/span><\/b><span data-ccp-props=\"{\"134233117\":false,\"134233118\":false,\"134245418\":true,\"134245529\":true,\"335559738\":281,\"335559739\":281}\"><\/span><\/li><\/ol><p><span data-contrast=\"auto\">Diese Cookies sind f\u00fcr das ordnungsgem\u00e4\u00dfe Funktionieren der Website unerl\u00e4sslich. Sie erm\u00f6glichen die Navigation, den Zugriff auf sichere Bereiche und die Verwaltung grundlegender Einstellungen.  <\/span><span data-ccp-props=\"{\"134233117\":false,\"134233118\":false,\"335559738\":240,\"335559739\":240}\"> <\/span><\/p><ul><li aria-setsize=\"-1\" data-leveltext=\"\uf0b7\" data-font=\"Symbol\" data-listid=\"1\" data-list-defn-props=\"{\"335552541\":1,\"335559685\":720,\"335559991\":360,\"469769226\":\"Symbol\",\"469769242\":[8226],\"469777803\":\"left\",\"469777804\":\"\uf0b7\",\"469777815\":\"hybridMultilevel\"}\" data-aria-posinset=\"1\" data-aria-level=\"1\"><b>elementor:<\/b> <span data-contrast=\"auto\"><span data-contrast=\"auto\">Erm\u00f6glicht Elementor, Benutzerpr\u00e4ferenzen im Editor zu speichern.<\/span><\/span><span data-ccp-props=\"{\"134233117\":false,\"134233118\":false,\"335559738\":0,\"335559739\":0}\"> <\/span><\/li><\/ul><ul><li aria-setsize=\"-1\" data-leveltext=\"\uf0b7\" data-font=\"Symbol\" data-listid=\"1\" data-list-defn-props=\"{\"335552541\":1,\"335559685\":720,\"335559991\":360,\"469769226\":\"Symbol\",\"469769242\":[8226],\"469777803\":\"left\",\"469777804\":\"\uf0b7\",\"469777815\":\"hybridMultilevel\"}\" data-aria-posinset=\"2\" data-aria-level=\"1\"><b>wordpress_logged_in_[hash]:<\/b><span data-contrast=\"auto\"><span data-contrast=\"auto\"> H\u00e4lt die Sitzung f\u00fcr registrierte Benutzer aktiv.<\/span><\/span><span data-ccp-props=\"{\"134233117\":false,\"134233118\":false,\"335559738\":0,\"335559739\":0}\"> <\/span><\/li><\/ul><ul><li aria-setsize=\"-1\" data-leveltext=\"\uf0b7\" data-font=\"Symbol\" data-listid=\"1\" data-list-defn-props=\"{\"335552541\":1,\"335559685\":720,\"335559991\":360,\"469769226\":\"Symbol\",\"469769242\":[8226],\"469777803\":\"left\",\"469777804\":\"\uf0b7\",\"469777815\":\"hybridMultilevel\"}\" data-aria-posinset=\"3\" data-aria-level=\"1\">cookieyes-consent: <span data-contrast=\"auto\">Speichert den Status der Cookie-Zustimmung des Benutzers.<\/span><span data-ccp-props=\"{\"134233117\":false,\"134233118\":false,\"335559738\":0,\"335559739\":0}\"> <\/span><\/li><\/ul><ol><li aria-level=\"3\"><b><span data-contrast=\"none\">b) Analyse- oder Mess-Cookies<\/span><\/b><span data-ccp-props=\"{\"134233117\":false,\"134233118\":false,\"134245418\":true,\"134245529\":true,\"335559738\":281,\"335559739\":281}\"><\/span><\/li><\/ol><p><span data-contrast=\"auto\">Diese <\/span>helfen uns zu verstehen, wie Besucher mit unserer Website interagieren, indem sie Informationen anonym erfassen. Wir verwenden <b><span data-contrast=\"auto\">Google Analytics <\/span><\/b>daf\u00fcr <span data-ccp-props=\"{\"134233117\":false,\"134233118\":false,\"335559738\":240,\"335559739\":240}\"> <\/span><\/p><ul><li aria-setsize=\"-1\" data-leveltext=\"\uf0b7\" data-font=\"Symbol\" data-listid=\"2\" data-list-defn-props=\"{\"335552541\":1,\"335559685\":720,\"335559991\":360,\"469769226\":\"Symbol\",\"469769242\":[8226],\"469777803\":\"left\",\"469777804\":\"\uf0b7\",\"469777815\":\"hybridMultilevel\"}\" data-aria-posinset=\"1\" data-aria-level=\"1\"><b>_ga:<\/b> <span data-contrast=\"auto\"><span data-contrast=\"auto\">Dient zur Unterscheidung von Nutzern (Dauer: 2 Jahre)<\/span><\/span><span data-ccp-props=\"{\"134233117\":false,\"134233118\":false,\"335559738\":0,\"335559739\":0}\"> <\/span><\/li><\/ul><ul><li aria-setsize=\"-1\" data-leveltext=\"\uf0b7\" data-font=\"Symbol\" data-listid=\"2\" data-list-defn-props=\"{\"335552541\":1,\"335559685\":720,\"335559991\":360,\"469769226\":\"Symbol\",\"469769242\":[8226],\"469777803\":\"left\",\"469777804\":\"\uf0b7\",\"469777815\":\"hybridMultilevel\"}\" data-aria-posinset=\"2\" data-aria-level=\"1\"><b><span data-contrast=\"auto\">_gid: <\/span><\/b>Dient zur Unterscheidung von Nutzern (Dauer: 24 Stunden)<span data-ccp-props=\"{\"134233117\":false,\"134233118\":false,\"335559738\":0,\"335559739\":0}\"> <\/span><\/li><\/ul><ul><li aria-setsize=\"-1\" data-leveltext=\"\uf0b7\" data-font=\"Symbol\" data-listid=\"2\" data-list-defn-props=\"{\"335552541\":1,\"335559685\":720,\"335559991\":360,\"469769226\":\"Symbol\",\"469769242\":[8226],\"469777803\":\"left\",\"469777804\":\"\uf0b7\",\"469777815\":\"hybridMultilevel\"}\" data-aria-posinset=\"3\" data-aria-level=\"1\"><b><span data-contrast=\"auto\">_gat: <\/span><\/b>Dient zur Begrenzung der Anfragenrate (Dauer: 1 Minute)<span data-ccp-props=\"{\"134233117\":false,\"134233118\":false,\"335559738\":0,\"335559739\":0}\"> <\/span><\/li><\/ul><p><span data-contrast=\"auto\">Anbieter:<\/span> <span data-contrast=\"auto\">Google LLC<\/span><span data-ccp-props=\"{\"134233117\":false,\"134233118\":false,\"335559738\":240,\"335559739\":240}\"> <\/span><\/p><p> <span data-contrast=\"auto\">Datenschutzrichtlinie:<\/span> <span data-contrast=\"none\"><a href=\"https:\/\/policies.google.com\/privacy\">https:\/\/policies.google.com\/privacy<\/a><\/span><span data-ccp-props=\"{\"134233117\":false,\"134233118\":false,\"335559738\":240,\"335559739\":240}\"> <\/span><\/p><p> <span data-contrast=\"auto\">Google Analytics deaktivieren:<\/span> <span data-contrast=\"none\"><a href=\"https:\/\/tools.google.com\/dlpage\/gaoptout\">https:\/\/tools.google.com\/dlpage\/gaoptout<\/a><\/span><span data-contrast=\"auto\"> <\/span><span data-ccp-props=\"{\"134233117\":false,\"134233118\":false,\"335559738\":240,\"335559739\":240}\"> <\/span><\/p><ol><li aria-level=\"3\"><b><span data-contrast=\"none\">c) Personalisierungs-Cookies<\/span><\/b><span data-ccp-props=\"{\"134233117\":false,\"134233118\":false,\"134245418\":true,\"134245529\":true,\"335559738\":281,\"335559739\":281}\"><\/span><\/li><\/ol><p><span data-contrast=\"auto\">Erm\u00f6glichen es, Ihre Pr\u00e4ferenzen wie Sprache oder Region zu speichern, um Ihnen angepasste Inhalte anzubieten. <\/span><span data-ccp-props=\"{\"134233117\":false,\"134233118\":false,\"335559738\":240,\"335559739\":240}\"> <\/span><\/p><ol><li aria-level=\"3\"><b><span data-contrast=\"none\">d) Drittanbieter-Cookies<\/span><\/b><span data-ccp-props=\"{\"134233117\":false,\"134233118\":false,\"134245418\":true,\"134245529\":true,\"335559738\":281,\"335559739\":281}\"><\/span><\/li><\/ol><p><span data-contrast=\"auto\">In einigen F\u00e4llen k\u00f6nnen wir Inhalte von Drittanbietern einbinden (z.\u202fB. YouTube-Videos oder Google Maps). Diese Dienste k\u00f6nnen eigene Cookies setzen, wenn Sie mit ihnen interagieren.  <\/span><span data-ccp-props=\"{\"134233117\":false,\"134233118\":false,\"335559738\":240,\"335559739\":240}\"> <\/span><\/p><ol start=\"4\"><li aria-level=\"2\"><b><span data-contrast=\"none\"> Einwilligungsmanagement<\/span><\/b><span data-ccp-props=\"{\"134233117\":false,\"134233118\":false,\"134245418\":true,\"134245529\":true,\"335559738\":299,\"335559739\":299}\"><\/span><\/li><\/ol><p>Beim <span data-contrast=\"auto\">Besuch<\/span> dieser Website sehen Sie ein Cookie-Banner, das von<span data-contrast=\"auto\"><b> CookieYes<\/b><\/span> verwaltet wird. \u00dcber dieses <span data-contrast=\"auto\">Panel k\u00f6nnen Sie<\/span>: <span data-ccp-props=\"{\"134233117\":false,\"134233118\":false,\"335559738\":240,\"335559739\":240}\"> <\/span><\/p><ul><li aria-setsize=\"-1\" data-leveltext=\"\uf0b7\" data-font=\"Symbol\" data-listid=\"3\" data-list-defn-props=\"{\"335552541\":1,\"335559685\":720,\"335559991\":360,\"469769226\":\"Symbol\",\"469769242\":[8226],\"469777803\":\"left\",\"469777804\":\"\uf0b7\",\"469777815\":\"hybridMultilevel\"}\" data-aria-posinset=\"1\" data-aria-level=\"1\"><span data-contrast=\"auto\">Alle Cookies akzeptieren<\/span><span data-ccp-props=\"{\"134233117\":false,\"134233118\":false,\"335559738\":0,\"335559739\":0}\"> <\/span><\/li><\/ul><ul><li aria-setsize=\"-1\" data-leveltext=\"\uf0b7\" data-font=\"Symbol\" data-listid=\"3\" data-list-defn-props=\"{\"335552541\":1,\"335559685\":720,\"335559991\":360,\"469769226\":\"Symbol\",\"469769242\":[8226],\"469777803\":\"left\",\"469777804\":\"\uf0b7\",\"469777815\":\"hybridMultilevel\"}\" data-aria-posinset=\"2\" data-aria-level=\"1\"><span data-contrast=\"auto\">Alle nicht erforderlichen Cookies ablehnen<\/span><span data-ccp-props=\"{\"134233117\":false,\"134233118\":false,\"335559738\":0,\"335559739\":0}\"> <\/span><\/li><\/ul><ul><li aria-setsize=\"-1\" data-leveltext=\"\uf0b7\" data-font=\"Symbol\" data-listid=\"3\" data-list-defn-props=\"{\"335552541\":1,\"335559685\":720,\"335559991\":360,\"469769226\":\"Symbol\",\"469769242\":[8226],\"469777803\":\"left\",\"469777804\":\"\uf0b7\",\"469777815\":\"hybridMultilevel\"}\" data-aria-posinset=\"3\" data-aria-level=\"1\"><span data-contrast=\"auto\">Alle nicht notwendigen Cookies ablehnen<\/span><span data-ccp-props=\"{\"134233117\":false,\"134233118\":false,\"335559738\":0,\"335559739\":0}\"> <\/span><\/li><\/ul><p>Einstellungen nach Kategorie <b><span data-contrast=\"auto\"><span data-contrast=\"auto\">konfigurieren<\/span><\/span><\/b> <span data-ccp-props=\"{\"134233117\":false,\"134233118\":false,\"335559738\":240,\"335559739\":240}\"> <\/span><\/p><ol start=\"5\"><li aria-level=\"2\"><b><span data-contrast=\"none\"> Wie man Cookies l\u00f6scht oder blockiert<\/span><\/b><span data-ccp-props=\"{\"134233117\":false,\"134233118\":false,\"134245418\":true,\"134245529\":true,\"335559738\":299,\"335559739\":299}\"><\/span><\/li><\/ol><p><span data-contrast=\"auto\">Sie k\u00f6nnen Cookies \u00fcber die Einstellungen Ihres Browsers zulassen, blockieren oder l\u00f6schen<\/span><span data-ccp-props=\"{\"134233117\":false,\"134233118\":false,\"335559738\":240,\"335559739\":240}\"> <\/span><\/p><ul><li aria-setsize=\"-1\" data-leveltext=\"\uf0b7\" data-font=\"Symbol\" data-listid=\"4\" data-list-defn-props=\"{\"335552541\":1,\"335559685\":720,\"335559991\":360,\"469769226\":\"Symbol\",\"469769242\":[8226],\"469777803\":\"left\",\"469777804\":\"\uf0b7\",\"469777815\":\"hybridMultilevel\"}\" data-aria-posinset=\"1\" data-aria-level=\"1\"><a href=\"https:\/\/support.google.com\/chrome\/answer\/95647?hl=es\"><span data-contrast=\"none\">Google Chrome<\/span><\/a><span data-ccp-props=\"{\"134233117\":false,\"134233118\":false,\"335559738\":0,\"335559739\":0}\"> <\/span><\/li><\/ul><ul><li aria-setsize=\"-1\" data-leveltext=\"\uf0b7\" data-font=\"Symbol\" data-listid=\"4\" data-list-defn-props=\"{\"335552541\":1,\"335559685\":720,\"335559991\":360,\"469769226\":\"Symbol\",\"469769242\":[8226],\"469777803\":\"left\",\"469777804\":\"\uf0b7\",\"469777815\":\"hybridMultilevel\"}\" data-aria-posinset=\"2\" data-aria-level=\"1\"><a href=\"https:\/\/support.mozilla.org\/es\/kb\/Borrar%20cookies\"><span data-contrast=\"none\">Mozilla Firefox<\/span><\/a><span data-ccp-props=\"{\"134233117\":false,\"134233118\":false,\"335559738\":0,\"335559739\":0}\"> <\/span><\/li><\/ul><ul><li aria-setsize=\"-1\" data-leveltext=\"\uf0b7\" data-font=\"Symbol\" data-listid=\"4\" data-list-defn-props=\"{\"335552541\":1,\"335559685\":720,\"335559991\":360,\"469769226\":\"Symbol\",\"469769242\":[8226],\"469777803\":\"left\",\"469777804\":\"\uf0b7\",\"469777815\":\"hybridMultilevel\"}\" data-aria-posinset=\"3\" data-aria-level=\"1\"><a href=\"https:\/\/support.apple.com\/es-es\/guide\/safari\/sfri11471\/mac\"><span data-contrast=\"none\">Safari<\/span><\/a><span data-ccp-props=\"{\"134233117\":false,\"134233118\":false,\"335559738\":0,\"335559739\":0}\"> <\/span><\/li><\/ul><ul><li aria-setsize=\"-1\" data-leveltext=\"\uf0b7\" data-font=\"Symbol\" data-listid=\"4\" data-list-defn-props=\"{\"335552541\":1,\"335559685\":720,\"335559991\":360,\"469769226\":\"Symbol\",\"469769242\":[8226],\"469777803\":\"left\",\"469777804\":\"\uf0b7\",\"469777815\":\"hybridMultilevel\"}\" data-aria-posinset=\"4\" data-aria-level=\"1\"><a href=\"https:\/\/support.microsoft.com\/es-es\/help\/17442\/windows-internet-explorer-delete-manage-cookies\"><span data-contrast=\"none\">Microsoft Edge<\/span><\/a><span data-ccp-props=\"{\"134233117\":false,\"134233118\":false,\"335559738\":0,\"335559739\":0}\"> <\/span><\/li><\/ul><p><span data-contrast=\"auto\">Hinweis: Das Blockieren notwendiger Cookies kann dazu f\u00fchren, dass einige Funktionen der Website nicht verf\u00fcgbar sind oder nicht korrekt funktionieren. <\/span><span data-ccp-props=\"{\"134233117\":false,\"134233118\":false,\"335559738\":240,\"335559739\":240}\"> <\/span><\/p><ol start=\"6\"><li aria-level=\"2\"><b><span data-contrast=\"none\"> Aktualisierung der Cookie-Richtlinie<\/span><\/b><span data-ccp-props=\"{\"134233117\":false,\"134233118\":false,\"134245418\":true,\"134245529\":true,\"335559738\":299,\"335559739\":299}\"><\/span><\/li><\/ol><p><span data-contrast=\"auto\">Diese Cookie-Richtlinie kann aufgrund regulatorischer oder technischer \u00c4nderungen aktualisiert werden. Wir empfehlen, sie regelm\u00e4\u00dfig zu \u00fcberpr\u00fcfen, um informiert zu bleiben, wie und wof\u00fcr wir Cookies verwenden. <\/span><span data-ccp-props=\"{\"134233117\":false,\"134233118\":false,\"335559738\":240,\"335559739\":240}\"> <\/span><\/p><p><span data-ccp-props=\"{}\"> <\/span><\/p><\/div>\t\t\t\t\t\t\t\t<\/div>\n\t\t\t\t\t<\/div>\n\t\t\t\t<\/div>\n\t\t\t\t<\/div>\n\t\t","protected":false},"excerpt":{"rendered":"<p>Letzte Aktualisierung: 23. Oktober 2025 Was sind Cookies? Cookies sind kleine Textdateien, die auf Ihrem Ger\u00e4t (Computer, Handy, Tablet usw.) gespeichert werden, wenn Sie eine Website besuchen. Sie helfen, Ihren Browser zu erkennen, Ihre Einstellungen zu speichern und Ihre Benutzererfahrung zu verbessern. Auf dieser Website verwenden wir eigene und Drittanbieter-Cookies, um die Nutzung durch Besucher [&hellip;]<\/p>\n","protected":false},"author":1,"featured_media":0,"parent":0,"menu_order":0,"comment_status":"closed","ping_status":"closed","template":"elementor_header_footer","meta":{"_joinchat":[],"footnotes":""},"class_list":["post-1885","page","type-page","status-publish","hentry"],"yoast_head":"<!-- This site is optimized with the Yoast SEO plugin v26.3 - https:\/\/yoast.com\/wordpress\/plugins\/seo\/ -->\n<title>Cookie-Richtlinie - Mallorca Health Agent<\/title>\n<meta name=\"robots\" content=\"index, follow, max-snippet:-1, max-image-preview:large, max-video-preview:-1\" \/>\n<link rel=\"canonical\" href=\"https:\/\/mallorcahealthagent.com\/de\/cookie-richtlinie\/\" \/>\n<meta property=\"og:locale\" content=\"de_DE\" \/>\n<meta property=\"og:type\" content=\"article\" \/>\n<meta property=\"og:title\" content=\"Cookie-Richtlinie - Mallorca Health Agent\" \/>\n<meta property=\"og:description\" content=\"Letzte Aktualisierung: 23. Oktober 2025 Was sind Cookies? Cookies sind kleine Textdateien, die auf Ihrem Ger\u00e4t (Computer, Handy, Tablet usw.) gespeichert werden, wenn Sie eine Website besuchen. Sie helfen, Ihren Browser zu erkennen, Ihre Einstellungen zu speichern und Ihre Benutzererfahrung zu verbessern. Auf dieser Website verwenden wir eigene und Drittanbieter-Cookies, um die Nutzung durch Besucher [&hellip;]\" \/>\n<meta property=\"og:url\" content=\"https:\/\/mallorcahealthagent.com\/de\/cookie-richtlinie\/\" \/>\n<meta property=\"og:site_name\" content=\"Mallorca Health Agent\" \/>\n<meta property=\"article:modified_time\" content=\"2025-11-11T10:48:20+00:00\" \/>\n<meta name=\"twitter:card\" content=\"summary_large_image\" \/>\n<meta name=\"twitter:label1\" content=\"Gesch\u00e4tzte Lesezeit\" \/>\n\t<meta name=\"twitter:data1\" content=\"2\u00a0Minuten\" \/>\n<script type=\"application\/ld+json\" class=\"yoast-schema-graph\">{\"@context\":\"https:\/\/schema.org\",\"@graph\":[{\"@type\":\"WebPage\",\"@id\":\"https:\/\/mallorcahealthagent.com\/de\/cookie-richtlinie\/\",\"url\":\"https:\/\/mallorcahealthagent.com\/de\/cookie-richtlinie\/\",\"name\":\"Cookie-Richtlinie - Mallorca Health Agent\",\"isPartOf\":{\"@id\":\"https:\/\/mallorcahealthagent.com\/#website\"},\"datePublished\":\"2025-10-22T12:31:37+00:00\",\"dateModified\":\"2025-11-11T10:48:20+00:00\",\"breadcrumb\":{\"@id\":\"https:\/\/mallorcahealthagent.com\/de\/cookie-richtlinie\/#breadcrumb\"},\"inLanguage\":\"de\",\"potentialAction\":[{\"@type\":\"ReadAction\",\"target\":[\"https:\/\/mallorcahealthagent.com\/de\/cookie-richtlinie\/\"]}]},{\"@type\":\"BreadcrumbList\",\"@id\":\"https:\/\/mallorcahealthagent.com\/de\/cookie-richtlinie\/#breadcrumb\",\"itemListElement\":[{\"@type\":\"ListItem\",\"position\":1,\"name\":\"Portada\",\"item\":\"https:\/\/mallorcahealthagent.com\/de\/\"},{\"@type\":\"ListItem\",\"position\":2,\"name\":\"Cookie-Richtlinie\"}]},{\"@type\":\"WebSite\",\"@id\":\"https:\/\/mallorcahealthagent.com\/#website\",\"url\":\"https:\/\/mallorcahealthagent.com\/\",\"name\":\"Mallorca Health Agent\",\"description\":\"Exklusiv-Agent von Sanitas in Palma de Mallorca\",\"potentialAction\":[{\"@type\":\"SearchAction\",\"target\":{\"@type\":\"EntryPoint\",\"urlTemplate\":\"https:\/\/mallorcahealthagent.com\/?s={search_term_string}\"},\"query-input\":{\"@type\":\"PropertyValueSpecification\",\"valueRequired\":true,\"valueName\":\"search_term_string\"}}],\"inLanguage\":\"de\"}]}<\/script>\n<!-- \/ Yoast SEO plugin. -->","yoast_head_json":{"title":"Cookie-Richtlinie - Mallorca Health Agent","robots":{"index":"index","follow":"follow","max-snippet":"max-snippet:-1","max-image-preview":"max-image-preview:large","max-video-preview":"max-video-preview:-1"},"canonical":"https:\/\/mallorcahealthagent.com\/de\/cookie-richtlinie\/","og_locale":"de_DE","og_type":"article","og_title":"Cookie-Richtlinie - Mallorca Health Agent","og_description":"Letzte Aktualisierung: 23. Oktober 2025 Was sind Cookies? Cookies sind kleine Textdateien, die auf Ihrem Ger\u00e4t (Computer, Handy, Tablet usw.) gespeichert werden, wenn Sie eine Website besuchen. Sie helfen, Ihren Browser zu erkennen, Ihre Einstellungen zu speichern und Ihre Benutzererfahrung zu verbessern. Auf dieser Website verwenden wir eigene und Drittanbieter-Cookies, um die Nutzung durch Besucher [&hellip;]","og_url":"https:\/\/mallorcahealthagent.com\/de\/cookie-richtlinie\/","og_site_name":"Mallorca Health Agent","article_modified_time":"2025-11-11T10:48:20+00:00","twitter_card":"summary_large_image","twitter_misc":{"Gesch\u00e4tzte Lesezeit":"2\u00a0Minuten"},"schema":{"@context":"https:\/\/schema.org","@graph":[{"@type":"WebPage","@id":"https:\/\/mallorcahealthagent.com\/de\/cookie-richtlinie\/","url":"https:\/\/mallorcahealthagent.com\/de\/cookie-richtlinie\/","name":"Cookie-Richtlinie - Mallorca Health Agent","isPartOf":{"@id":"https:\/\/mallorcahealthagent.com\/#website"},"datePublished":"2025-10-22T12:31:37+00:00","dateModified":"2025-11-11T10:48:20+00:00","breadcrumb":{"@id":"https:\/\/mallorcahealthagent.com\/de\/cookie-richtlinie\/#breadcrumb"},"inLanguage":"de","potentialAction":[{"@type":"ReadAction","target":["https:\/\/mallorcahealthagent.com\/de\/cookie-richtlinie\/"]}]},{"@type":"BreadcrumbList","@id":"https:\/\/mallorcahealthagent.com\/de\/cookie-richtlinie\/#breadcrumb","itemListElement":[{"@type":"ListItem","position":1,"name":"Portada","item":"https:\/\/mallorcahealthagent.com\/de\/"},{"@type":"ListItem","position":2,"name":"Cookie-Richtlinie"}]},{"@type":"WebSite","@id":"https:\/\/mallorcahealthagent.com\/#website","url":"https:\/\/mallorcahealthagent.com\/","name":"Mallorca Health Agent","description":"Exklusiv-Agent von Sanitas in Palma de Mallorca","potentialAction":[{"@type":"SearchAction","target":{"@type":"EntryPoint","urlTemplate":"https:\/\/mallorcahealthagent.com\/?s={search_term_string}"},"query-input":{"@type":"PropertyValueSpecification","valueRequired":true,"valueName":"search_term_string"}}],"inLanguage":"de"}]}},"_links":{"self":[{"href":"https:\/\/mallorcahealthagent.com\/de\/wp-json\/wp\/v2\/pages\/1885","targetHints":{"allow":["GET"]}}],"collection":[{"href":"https:\/\/mallorcahealthagent.com\/de\/wp-json\/wp\/v2\/pages"}],"about":[{"href":"https:\/\/mallorcahealthagent.com\/de\/wp-json\/wp\/v2\/types\/page"}],"author":[{"embeddable":true,"href":"https:\/\/mallorcahealthagent.com\/de\/wp-json\/wp\/v2\/users\/1"}],"replies":[{"embeddable":true,"href":"https:\/\/mallorcahealthagent.com\/de\/wp-json\/wp\/v2\/comments?post=1885"}],"version-history":[{"count":2,"href":"https:\/\/mallorcahealthagent.com\/de\/wp-json\/wp\/v2\/pages\/1885\/revisions"}],"predecessor-version":[{"id":1972,"href":"https:\/\/mallorcahealthagent.com\/de\/wp-json\/wp\/v2\/pages\/1885\/revisions\/1972"}],"wp:attachment":[{"href":"https:\/\/mallorcahealthagent.com\/de\/wp-json\/wp\/v2\/media?parent=1885"}],"curies":[{"name":"wp","href":"https:\/\/api.w.org\/{rel}","templated":true}]}}