{"id":1886,"date":"2025-10-15T17:43:24","date_gmt":"2025-10-15T15:43:24","guid":{"rendered":"https:\/\/mallorcahealthagent.com\/datenschutzbestimmungen\/"},"modified":"2025-11-11T12:32:34","modified_gmt":"2025-11-11T10:32:34","slug":"datenschutzbestimmungen","status":"publish","type":"page","link":"https:\/\/mallorcahealthagent.com\/de\/datenschutzbestimmungen\/","title":{"rendered":"Datenschutzbestimmungen"},"content":{"rendered":"\t\t<div data-elementor-type=\"wp-page\" data-elementor-id=\"1886\" class=\"elementor elementor-1886 elementor-1184\" data-elementor-post-type=\"page\">\n\t\t\t\t<div class=\"elementor-element elementor-element-41bf3fc e-flex e-con-boxed e-con e-parent\" data-id=\"41bf3fc\" data-element_type=\"container\" data-settings=\"{&quot;background_background&quot;:&quot;gradient&quot;}\">\n\t\t\t\t\t<div class=\"e-con-inner\">\n\t\t\t\t<div class=\"elementor-element elementor-element-85121e2 elementor-widget elementor-widget-heading\" data-id=\"85121e2\" data-element_type=\"widget\" data-widget_type=\"heading.default\">\n\t\t\t\t\t<h1 class=\"elementor-heading-title elementor-size-default\">Datenschutzbestimmungen<\/h1>\t\t\t\t<\/div>\n\t\t\t\t\t<\/div>\n\t\t\t\t<\/div>\n\t\t<div class=\"elementor-element elementor-element-3c096c3 e-flex e-con-boxed e-con e-parent\" data-id=\"3c096c3\" data-element_type=\"container\">\n\t\t\t\t\t<div class=\"e-con-inner\">\n\t\t\t\t<div class=\"elementor-element elementor-element-5e18341 elementor-widget elementor-widget-text-editor\" data-id=\"5e18341\" data-element_type=\"widget\" data-widget_type=\"text-editor.default\">\n\t\t\t\t\t\t\t\t\t<p>SANITAS S.A. DE SEGUROS (\u201eSANITAS\u201c) mit Sitz in c\/ Ribera de Loira 52, 28042 Madrid, verarbeitet Ihre personenbezogenen Daten, um Sie gegebenenfalls telefonisch zu kontaktieren, um Ihre Anfragen zu beantworten, Ihnen die Informationen zukommen zu lassen, die Sie \u00fcber unsere Dienstleistungen und den Vertragsabschlussprozess ben\u00f6tigen, und Sie w\u00e4hrend dieses Prozesses zu unterst\u00fctzen.<\/p><p>Die Rechtsgrundlage f\u00fcr die Verarbeitung ist die Einwilligung, die Sie durch das freiwillige Ausf\u00fcllen und Absenden dieses Formulars erteilen. Ihre personenbezogenen Daten werden nicht an Dritte weitergegeben, au\u00dfer in den F\u00e4llen, in denen eine gesetzliche Verpflichtung besteht und\/oder dies f\u00fcr die Erbringung der Dienstleistung erforderlich ist. <\/p><p>Um den Zweck der Verarbeitung angemessen zu erf\u00fcllen, kann SANITAS zudem Dienstleistern von SANITAS, die als Auftragsverarbeiter fungieren und die notwendigen Garantien bieten, den Zugriff auf Ihre personenbezogenen Daten gestatten. Wir verarbeiten Ihre personenbezogenen Daten so lange, wie es f\u00fcr die Bearbeitung und Beantwortung Ihrer Anfrage erforderlich ist.<\/p><p>Nach Ablauf dieser Frist bewahren wir Ihre personenbezogenen Daten f\u00fcr den Zeitraum der gesetzlichen Verj\u00e4hrung der sich aus der Verarbeitung ergebenden m\u00f6glichen Haftungen auf.<br>Informationen zu internationalen Daten\u00fcbermittlungen finden Sie unter <a href=\"http:\/\/www.sanitas.es\/RGPD\">www.sanitas.es\/RGPD<\/a><\/p>\t\t\t\t\t\t\t\t<\/div>\n\t\t\t\t\t<\/div>\n\t\t\t\t<\/div>\n\t\t\t\t<\/div>\n\t\t","protected":false},"excerpt":{"rendered":"<p>SANITAS S.A. DE SEGUROS (\u201eSANITAS\u201c) mit Sitz in c\/ Ribera de Loira 52, 28042 Madrid, verarbeitet Ihre personenbezogenen Daten, um Sie gegebenenfalls telefonisch zu kontaktieren, um Ihre Anfragen zu beantworten, Ihnen die Informationen zukommen zu lassen, die Sie \u00fcber unsere Dienstleistungen und den Vertragsabschlussprozess ben\u00f6tigen, und Sie w\u00e4hrend dieses Prozesses zu unterst\u00fctzen. Die Rechtsgrundlage f\u00fcr [&hellip;]<\/p>\n","protected":false},"author":1,"featured_media":0,"parent":0,"menu_order":0,"comment_status":"closed","ping_status":"closed","template":"elementor_header_footer","meta":{"_joinchat":[],"footnotes":""},"class_list":["post-1886","page","type-page","status-publish","hentry"],"yoast_head":"<!-- This site is optimized with the Yoast SEO plugin v26.3 - https:\/\/yoast.com\/wordpress\/plugins\/seo\/ -->\n<title>Datenschutzbestimmungen - Mallorca Health Agent<\/title>\n<meta name=\"robots\" content=\"index, follow, max-snippet:-1, max-image-preview:large, max-video-preview:-1\" \/>\n<link rel=\"canonical\" href=\"https:\/\/mallorcahealthagent.com\/de\/datenschutzbestimmungen\/\" \/>\n<meta property=\"og:locale\" content=\"de_DE\" \/>\n<meta property=\"og:type\" content=\"article\" \/>\n<meta property=\"og:title\" content=\"Datenschutzbestimmungen - Mallorca Health Agent\" \/>\n<meta property=\"og:description\" content=\"SANITAS S.A. DE SEGUROS (\u201eSANITAS\u201c) mit Sitz in c\/ Ribera de Loira 52, 28042 Madrid, verarbeitet Ihre personenbezogenen Daten, um Sie gegebenenfalls telefonisch zu kontaktieren, um Ihre Anfragen zu beantworten, Ihnen die Informationen zukommen zu lassen, die Sie \u00fcber unsere Dienstleistungen und den Vertragsabschlussprozess ben\u00f6tigen, und Sie w\u00e4hrend dieses Prozesses zu unterst\u00fctzen. Die Rechtsgrundlage f\u00fcr [&hellip;]\" \/>\n<meta property=\"og:url\" content=\"https:\/\/mallorcahealthagent.com\/de\/datenschutzbestimmungen\/\" \/>\n<meta property=\"og:site_name\" content=\"Mallorca Health Agent\" \/>\n<meta property=\"article:modified_time\" content=\"2025-11-11T10:32:34+00:00\" \/>\n<meta name=\"twitter:card\" content=\"summary_large_image\" \/>\n<meta name=\"twitter:label1\" content=\"Gesch\u00e4tzte Lesezeit\" \/>\n\t<meta name=\"twitter:data1\" content=\"1\u00a0Minute\" \/>\n<script type=\"application\/ld+json\" class=\"yoast-schema-graph\">{\"@context\":\"https:\/\/schema.org\",\"@graph\":[{\"@type\":\"WebPage\",\"@id\":\"https:\/\/mallorcahealthagent.com\/de\/datenschutzbestimmungen\/\",\"url\":\"https:\/\/mallorcahealthagent.com\/de\/datenschutzbestimmungen\/\",\"name\":\"Datenschutzbestimmungen - Mallorca Health Agent\",\"isPartOf\":{\"@id\":\"https:\/\/mallorcahealthagent.com\/#website\"},\"datePublished\":\"2025-10-15T15:43:24+00:00\",\"dateModified\":\"2025-11-11T10:32:34+00:00\",\"breadcrumb\":{\"@id\":\"https:\/\/mallorcahealthagent.com\/de\/datenschutzbestimmungen\/#breadcrumb\"},\"inLanguage\":\"de\",\"potentialAction\":[{\"@type\":\"ReadAction\",\"target\":[\"https:\/\/mallorcahealthagent.com\/de\/datenschutzbestimmungen\/\"]}]},{\"@type\":\"BreadcrumbList\",\"@id\":\"https:\/\/mallorcahealthagent.com\/de\/datenschutzbestimmungen\/#breadcrumb\",\"itemListElement\":[{\"@type\":\"ListItem\",\"position\":1,\"name\":\"Portada\",\"item\":\"https:\/\/mallorcahealthagent.com\/de\/\"},{\"@type\":\"ListItem\",\"position\":2,\"name\":\"Datenschutzbestimmungen\"}]},{\"@type\":\"WebSite\",\"@id\":\"https:\/\/mallorcahealthagent.com\/#website\",\"url\":\"https:\/\/mallorcahealthagent.com\/\",\"name\":\"Mallorca Health Agent\",\"description\":\"Exklusiv-Agent von Sanitas in Palma de Mallorca\",\"potentialAction\":[{\"@type\":\"SearchAction\",\"target\":{\"@type\":\"EntryPoint\",\"urlTemplate\":\"https:\/\/mallorcahealthagent.com\/?s={search_term_string}\"},\"query-input\":{\"@type\":\"PropertyValueSpecification\",\"valueRequired\":true,\"valueName\":\"search_term_string\"}}],\"inLanguage\":\"de\"}]}<\/script>\n<!-- \/ Yoast SEO plugin. -->","yoast_head_json":{"title":"Datenschutzbestimmungen - Mallorca Health Agent","robots":{"index":"index","follow":"follow","max-snippet":"max-snippet:-1","max-image-preview":"max-image-preview:large","max-video-preview":"max-video-preview:-1"},"canonical":"https:\/\/mallorcahealthagent.com\/de\/datenschutzbestimmungen\/","og_locale":"de_DE","og_type":"article","og_title":"Datenschutzbestimmungen - Mallorca Health Agent","og_description":"SANITAS S.A. DE SEGUROS (\u201eSANITAS\u201c) mit Sitz in c\/ Ribera de Loira 52, 28042 Madrid, verarbeitet Ihre personenbezogenen Daten, um Sie gegebenenfalls telefonisch zu kontaktieren, um Ihre Anfragen zu beantworten, Ihnen die Informationen zukommen zu lassen, die Sie \u00fcber unsere Dienstleistungen und den Vertragsabschlussprozess ben\u00f6tigen, und Sie w\u00e4hrend dieses Prozesses zu unterst\u00fctzen. Die Rechtsgrundlage f\u00fcr [&hellip;]","og_url":"https:\/\/mallorcahealthagent.com\/de\/datenschutzbestimmungen\/","og_site_name":"Mallorca Health Agent","article_modified_time":"2025-11-11T10:32:34+00:00","twitter_card":"summary_large_image","twitter_misc":{"Gesch\u00e4tzte Lesezeit":"1\u00a0Minute"},"schema":{"@context":"https:\/\/schema.org","@graph":[{"@type":"WebPage","@id":"https:\/\/mallorcahealthagent.com\/de\/datenschutzbestimmungen\/","url":"https:\/\/mallorcahealthagent.com\/de\/datenschutzbestimmungen\/","name":"Datenschutzbestimmungen - Mallorca Health Agent","isPartOf":{"@id":"https:\/\/mallorcahealthagent.com\/#website"},"datePublished":"2025-10-15T15:43:24+00:00","dateModified":"2025-11-11T10:32:34+00:00","breadcrumb":{"@id":"https:\/\/mallorcahealthagent.com\/de\/datenschutzbestimmungen\/#breadcrumb"},"inLanguage":"de","potentialAction":[{"@type":"ReadAction","target":["https:\/\/mallorcahealthagent.com\/de\/datenschutzbestimmungen\/"]}]},{"@type":"BreadcrumbList","@id":"https:\/\/mallorcahealthagent.com\/de\/datenschutzbestimmungen\/#breadcrumb","itemListElement":[{"@type":"ListItem","position":1,"name":"Portada","item":"https:\/\/mallorcahealthagent.com\/de\/"},{"@type":"ListItem","position":2,"name":"Datenschutzbestimmungen"}]},{"@type":"WebSite","@id":"https:\/\/mallorcahealthagent.com\/#website","url":"https:\/\/mallorcahealthagent.com\/","name":"Mallorca Health Agent","description":"Exklusiv-Agent von Sanitas in Palma de Mallorca","potentialAction":[{"@type":"SearchAction","target":{"@type":"EntryPoint","urlTemplate":"https:\/\/mallorcahealthagent.com\/?s={search_term_string}"},"query-input":{"@type":"PropertyValueSpecification","valueRequired":true,"valueName":"search_term_string"}}],"inLanguage":"de"}]}},"_links":{"self":[{"href":"https:\/\/mallorcahealthagent.com\/de\/wp-json\/wp\/v2\/pages\/1886","targetHints":{"allow":["GET"]}}],"collection":[{"href":"https:\/\/mallorcahealthagent.com\/de\/wp-json\/wp\/v2\/pages"}],"about":[{"href":"https:\/\/mallorcahealthagent.com\/de\/wp-json\/wp\/v2\/types\/page"}],"author":[{"embeddable":true,"href":"https:\/\/mallorcahealthagent.com\/de\/wp-json\/wp\/v2\/users\/1"}],"replies":[{"embeddable":true,"href":"https:\/\/mallorcahealthagent.com\/de\/wp-json\/wp\/v2\/comments?post=1886"}],"version-history":[{"count":1,"href":"https:\/\/mallorcahealthagent.com\/de\/wp-json\/wp\/v2\/pages\/1886\/revisions"}],"predecessor-version":[{"id":1966,"href":"https:\/\/mallorcahealthagent.com\/de\/wp-json\/wp\/v2\/pages\/1886\/revisions\/1966"}],"wp:attachment":[{"href":"https:\/\/mallorcahealthagent.com\/de\/wp-json\/wp\/v2\/media?parent=1886"}],"curies":[{"name":"wp","href":"https:\/\/api.w.org\/{rel}","templated":true}]}}