{"id":1983,"date":"2025-10-22T14:30:01","date_gmt":"2025-10-22T12:30:01","guid":{"rendered":"https:\/\/mallorcahealthagent.com\/barrierefreiheitserklaerung\/"},"modified":"2025-11-11T13:35:26","modified_gmt":"2025-11-11T11:35:26","slug":"barrierefreiheitserklaerung","status":"publish","type":"page","link":"https:\/\/mallorcahealthagent.com\/de\/barrierefreiheitserklaerung\/","title":{"rendered":"Barrierefreiheits\u00aderkl\u00e4rung"},"content":{"rendered":"\t\t<div data-elementor-type=\"wp-page\" data-elementor-id=\"1983\" class=\"elementor elementor-1983 elementor-1250\" data-elementor-post-type=\"page\">\n\t\t\t\t<div class=\"elementor-element elementor-element-f70d2c5 e-flex e-con-boxed e-con e-parent\" data-id=\"f70d2c5\" data-element_type=\"container\" data-settings=\"{&quot;background_background&quot;:&quot;gradient&quot;}\">\n\t\t\t\t\t<div class=\"e-con-inner\">\n\t\t\t\t<div class=\"elementor-element elementor-element-acacfd9 elementor-widget elementor-widget-heading\" data-id=\"acacfd9\" data-element_type=\"widget\" data-widget_type=\"heading.default\">\n\t\t\t\t\t<h1 class=\"elementor-heading-title elementor-size-default\">Barrierefreiheits\u00aderkl\u00e4rung<\/h1>\t\t\t\t<\/div>\n\t\t\t\t\t<\/div>\n\t\t\t\t<\/div>\n\t\t<div class=\"elementor-element elementor-element-f2200aa e-flex e-con-boxed e-con e-parent\" data-id=\"f2200aa\" data-element_type=\"container\">\n\t\t\t\t\t<div class=\"e-con-inner\">\n\t\t\t\t<div class=\"elementor-element elementor-element-16f5ae4 elementor-widget elementor-widget-text-editor\" data-id=\"16f5ae4\" data-element_type=\"widget\" data-widget_type=\"text-editor.default\">\n\t\t\t\t\t\t\t\t\t<div data-olk-copy-source=\"MessageBody\"><div><span>Melani Llad\u00f3 Claussen<\/span> verpflichtet sich, die Website<a href=\"https:\/\/mallorcahealthagent.com\/de\/\" class=\"ProsemirrorEditor-link\"> mallorcahealthagent.com<\/a> gem\u00e4\u00df dem K\u00f6niglichen Dekret 1112\/2018 vom 7. September \u00fcber die Barrierefreiheit von Websites und mobilen <span data-teams=\"true\">Anwendungen des \u00f6ffentlichen Sektors barrierefrei zu gestalten.<\/span><\/div><div>Diese Barrierefreiheitserkl\u00e4rung gilt f\u00fcr die Website <a href=\"https:\/\/mallorcahealthagent.com\/de\/\" class=\"ProsemirrorEditor-link\">mallorcahealthagent.com<\/a><\/div><div>Diese Website entspricht vollst\u00e4ndig dem K\u00f6niglichen Dekret 1112\/2018.<\/div><\/div>\t\t\t\t\t\t\t\t<\/div>\n\t\t\t\t\t<\/div>\n\t\t\t\t<\/div>\n\t\t\t\t<\/div>\n\t\t","protected":false},"excerpt":{"rendered":"<p>Melani Llad\u00f3 Claussen verpflichtet sich, die Website mallorcahealthagent.com gem\u00e4\u00df dem K\u00f6niglichen Dekret 1112\/2018 vom 7. September \u00fcber die Barrierefreiheit von Websites und mobilen Anwendungen des \u00f6ffentlichen Sektors barrierefrei zu gestalten.Diese Barrierefreiheitserkl\u00e4rung gilt f\u00fcr die Website mallorcahealthagent.comDiese Website entspricht vollst\u00e4ndig dem K\u00f6niglichen Dekret 1112\/2018.<\/p>\n","protected":false},"author":1,"featured_media":0,"parent":0,"menu_order":0,"comment_status":"closed","ping_status":"closed","template":"elementor_header_footer","meta":{"_joinchat":[],"footnotes":""},"class_list":["post-1983","page","type-page","status-publish","hentry"],"yoast_head":"<!-- This site is optimized with the Yoast SEO plugin v26.3 - https:\/\/yoast.com\/wordpress\/plugins\/seo\/ -->\n<title>Barrierefreiheits\u00aderkl\u00e4rung - Mallorca Health Agent<\/title>\n<meta name=\"robots\" content=\"index, follow, max-snippet:-1, max-image-preview:large, max-video-preview:-1\" \/>\n<link rel=\"canonical\" href=\"https:\/\/mallorcahealthagent.com\/de\/barrierefreiheitserklaerung\/\" \/>\n<meta property=\"og:locale\" content=\"de_DE\" \/>\n<meta property=\"og:type\" content=\"article\" \/>\n<meta property=\"og:title\" content=\"Barrierefreiheits\u00aderkl\u00e4rung - Mallorca Health Agent\" \/>\n<meta property=\"og:description\" content=\"Melani Llad\u00f3 Claussen verpflichtet sich, die Website mallorcahealthagent.com gem\u00e4\u00df dem K\u00f6niglichen Dekret 1112\/2018 vom 7. September \u00fcber die Barrierefreiheit von Websites und mobilen Anwendungen des \u00f6ffentlichen Sektors barrierefrei zu gestalten.Diese Barrierefreiheitserkl\u00e4rung gilt f\u00fcr die Website mallorcahealthagent.comDiese Website entspricht vollst\u00e4ndig dem K\u00f6niglichen Dekret 1112\/2018.\" \/>\n<meta property=\"og:url\" content=\"https:\/\/mallorcahealthagent.com\/de\/barrierefreiheitserklaerung\/\" \/>\n<meta property=\"og:site_name\" content=\"Mallorca Health Agent\" \/>\n<meta property=\"article:modified_time\" content=\"2025-11-11T11:35:26+00:00\" \/>\n<meta name=\"twitter:card\" content=\"summary_large_image\" \/>\n<script type=\"application\/ld+json\" class=\"yoast-schema-graph\">{\"@context\":\"https:\/\/schema.org\",\"@graph\":[{\"@type\":\"WebPage\",\"@id\":\"https:\/\/mallorcahealthagent.com\/de\/barrierefreiheitserklaerung\/\",\"url\":\"https:\/\/mallorcahealthagent.com\/de\/barrierefreiheitserklaerung\/\",\"name\":\"Barrierefreiheits\u00aderkl\u00e4rung - Mallorca Health Agent\",\"isPartOf\":{\"@id\":\"https:\/\/mallorcahealthagent.com\/#website\"},\"datePublished\":\"2025-10-22T12:30:01+00:00\",\"dateModified\":\"2025-11-11T11:35:26+00:00\",\"breadcrumb\":{\"@id\":\"https:\/\/mallorcahealthagent.com\/de\/barrierefreiheitserklaerung\/#breadcrumb\"},\"inLanguage\":\"de\",\"potentialAction\":[{\"@type\":\"ReadAction\",\"target\":[\"https:\/\/mallorcahealthagent.com\/de\/barrierefreiheitserklaerung\/\"]}]},{\"@type\":\"BreadcrumbList\",\"@id\":\"https:\/\/mallorcahealthagent.com\/de\/barrierefreiheitserklaerung\/#breadcrumb\",\"itemListElement\":[{\"@type\":\"ListItem\",\"position\":1,\"name\":\"Portada\",\"item\":\"https:\/\/mallorcahealthagent.com\/de\/\"},{\"@type\":\"ListItem\",\"position\":2,\"name\":\"Barrierefreiheits\u00aderkl\u00e4rung\"}]},{\"@type\":\"WebSite\",\"@id\":\"https:\/\/mallorcahealthagent.com\/#website\",\"url\":\"https:\/\/mallorcahealthagent.com\/\",\"name\":\"Mallorca Health Agent\",\"description\":\"Exklusiv-Agent von Sanitas in Palma de Mallorca\",\"potentialAction\":[{\"@type\":\"SearchAction\",\"target\":{\"@type\":\"EntryPoint\",\"urlTemplate\":\"https:\/\/mallorcahealthagent.com\/?s={search_term_string}\"},\"query-input\":{\"@type\":\"PropertyValueSpecification\",\"valueRequired\":true,\"valueName\":\"search_term_string\"}}],\"inLanguage\":\"de\"}]}<\/script>\n<!-- \/ Yoast SEO plugin. -->","yoast_head_json":{"title":"Barrierefreiheits\u00aderkl\u00e4rung - Mallorca Health Agent","robots":{"index":"index","follow":"follow","max-snippet":"max-snippet:-1","max-image-preview":"max-image-preview:large","max-video-preview":"max-video-preview:-1"},"canonical":"https:\/\/mallorcahealthagent.com\/de\/barrierefreiheitserklaerung\/","og_locale":"de_DE","og_type":"article","og_title":"Barrierefreiheits\u00aderkl\u00e4rung - Mallorca Health Agent","og_description":"Melani Llad\u00f3 Claussen verpflichtet sich, die Website mallorcahealthagent.com gem\u00e4\u00df dem K\u00f6niglichen Dekret 1112\/2018 vom 7. September \u00fcber die Barrierefreiheit von Websites und mobilen Anwendungen des \u00f6ffentlichen Sektors barrierefrei zu gestalten.Diese Barrierefreiheitserkl\u00e4rung gilt f\u00fcr die Website mallorcahealthagent.comDiese Website entspricht vollst\u00e4ndig dem K\u00f6niglichen Dekret 1112\/2018.","og_url":"https:\/\/mallorcahealthagent.com\/de\/barrierefreiheitserklaerung\/","og_site_name":"Mallorca Health Agent","article_modified_time":"2025-11-11T11:35:26+00:00","twitter_card":"summary_large_image","schema":{"@context":"https:\/\/schema.org","@graph":[{"@type":"WebPage","@id":"https:\/\/mallorcahealthagent.com\/de\/barrierefreiheitserklaerung\/","url":"https:\/\/mallorcahealthagent.com\/de\/barrierefreiheitserklaerung\/","name":"Barrierefreiheits\u00aderkl\u00e4rung - Mallorca Health Agent","isPartOf":{"@id":"https:\/\/mallorcahealthagent.com\/#website"},"datePublished":"2025-10-22T12:30:01+00:00","dateModified":"2025-11-11T11:35:26+00:00","breadcrumb":{"@id":"https:\/\/mallorcahealthagent.com\/de\/barrierefreiheitserklaerung\/#breadcrumb"},"inLanguage":"de","potentialAction":[{"@type":"ReadAction","target":["https:\/\/mallorcahealthagent.com\/de\/barrierefreiheitserklaerung\/"]}]},{"@type":"BreadcrumbList","@id":"https:\/\/mallorcahealthagent.com\/de\/barrierefreiheitserklaerung\/#breadcrumb","itemListElement":[{"@type":"ListItem","position":1,"name":"Portada","item":"https:\/\/mallorcahealthagent.com\/de\/"},{"@type":"ListItem","position":2,"name":"Barrierefreiheits\u00aderkl\u00e4rung"}]},{"@type":"WebSite","@id":"https:\/\/mallorcahealthagent.com\/#website","url":"https:\/\/mallorcahealthagent.com\/","name":"Mallorca Health Agent","description":"Exklusiv-Agent von Sanitas in Palma de Mallorca","potentialAction":[{"@type":"SearchAction","target":{"@type":"EntryPoint","urlTemplate":"https:\/\/mallorcahealthagent.com\/?s={search_term_string}"},"query-input":{"@type":"PropertyValueSpecification","valueRequired":true,"valueName":"search_term_string"}}],"inLanguage":"de"}]}},"_links":{"self":[{"href":"https:\/\/mallorcahealthagent.com\/de\/wp-json\/wp\/v2\/pages\/1983","targetHints":{"allow":["GET"]}}],"collection":[{"href":"https:\/\/mallorcahealthagent.com\/de\/wp-json\/wp\/v2\/pages"}],"about":[{"href":"https:\/\/mallorcahealthagent.com\/de\/wp-json\/wp\/v2\/types\/page"}],"author":[{"embeddable":true,"href":"https:\/\/mallorcahealthagent.com\/de\/wp-json\/wp\/v2\/users\/1"}],"replies":[{"embeddable":true,"href":"https:\/\/mallorcahealthagent.com\/de\/wp-json\/wp\/v2\/comments?post=1983"}],"version-history":[{"count":1,"href":"https:\/\/mallorcahealthagent.com\/de\/wp-json\/wp\/v2\/pages\/1983\/revisions"}],"predecessor-version":[{"id":1984,"href":"https:\/\/mallorcahealthagent.com\/de\/wp-json\/wp\/v2\/pages\/1983\/revisions\/1984"}],"wp:attachment":[{"href":"https:\/\/mallorcahealthagent.com\/de\/wp-json\/wp\/v2\/media?parent=1983"}],"curies":[{"name":"wp","href":"https:\/\/api.w.org\/{rel}","templated":true}]}}