{"id":2060,"date":"2025-09-30T09:51:55","date_gmt":"2025-09-30T07:51:55","guid":{"rendered":"https:\/\/mallorcahealthagent.com\/ueber-mich\/"},"modified":"2025-11-13T13:40:21","modified_gmt":"2025-11-13T11:40:21","slug":"ueber-mich","status":"publish","type":"page","link":"https:\/\/mallorcahealthagent.com\/de\/ueber-mich\/","title":{"rendered":"\u00dcber mich"},"content":{"rendered":"\t\t<div data-elementor-type=\"wp-page\" data-elementor-id=\"2060\" class=\"elementor elementor-2060 elementor-698\" data-elementor-post-type=\"page\">\n\t\t\t\t<div class=\"elementor-element elementor-element-f20f018 e-flex e-con-boxed e-con e-parent\" data-id=\"f20f018\" data-element_type=\"container\" data-settings=\"{&quot;background_background&quot;:&quot;classic&quot;}\">\n\t\t\t\t\t<div class=\"e-con-inner\">\n\t\t\t\t<div class=\"elementor-element elementor-element-eceaf97 elementor-widget elementor-widget-heading\" data-id=\"eceaf97\" data-element_type=\"widget\" data-widget_type=\"heading.default\">\n\t\t\t\t\t<h1 class=\"elementor-heading-title elementor-size-default\">\u00dcber mich<\/h1>\t\t\t\t<\/div>\n\t\t\t\t\t<\/div>\n\t\t\t\t<\/div>\n\t\t<div class=\"elementor-element elementor-element-76900e0 e-con-full e-flex e-con e-parent\" data-id=\"76900e0\" data-element_type=\"container\">\n\t\t<div class=\"elementor-element elementor-element-283c812 e-con-full e-flex e-con e-child\" data-id=\"283c812\" data-element_type=\"container\">\n\t\t\t\t<div class=\"elementor-element elementor-element-bb7832a elementor-align-left elementor-widget elementor-widget-rw-home-1-about\" data-id=\"bb7832a\" data-element_type=\"widget\" data-widget_type=\"rw-home-1-about.default\">\n\t\t\t\t<div class=\"elementor-widget-container\">\n\t\t\t\t\t\n\t\t\t\t\t<div class=\"container\">\n\t\t\t\t<div class=\"row\">\n\t\t\t\t\t<div class=\"col-md-12 col-lg-8 col-xl-6\">\n\t\t\t\t\t\t<div class=\"about-image-box-style2 dot-circle mrr-60 mrr-lg-0\">\n\t\t\t\t\t\t\t\t\t\t\t\t\t\t<img decoding=\"async\" class=\"about-image1 img-full js-tilt d-none d-md-block d-lg-block d-xl-block\" src=\"https:\/\/mallorcahealthagent.com\/wp-content\/uploads\/2025\/10\/hermosa-familia-de-papel-con-un-corazon-de-papel-rojo-scaled.webp\" alt=\"\">\n\t\t\t\t\t\t\t\t\t\t\t\t\t\t\t\t\t\t\t\t\t<img decoding=\"async\" class=\"about-image2 img-full\" src=\"https:\/\/mallorcahealthagent.com\/wp-content\/uploads\/2025\/10\/joven-pareja-feliz-abrazandose-despues-de-una-exitosa-reunion-con-su-agente-inmobiliario-scaled.webp\" alt=\"\">\n\t\t\t\t\t\t\t\t\t\t\t\t\t\t\t\t\t\t\t\t\t<div class=\"experience\"><span class=\"detalle-circular\">+100<\/span><p>Unternehmen vertrauen mir<\/p><\/div>\n\t\t\t\t\t\t\t\t\t\t\t\t\t<\/div>\n\t\t\t\t\t<\/div>\n\t\t\t\t\t<div class=\"col-md-12 col-lg-10 col-xl-6\">\n\t\t\t\t\t\t\t\t\t\t\t\t<h2 class=\"side-line-left  subtitulo-features mrb-10 \">Exklusive Sanitas-Agentin<\/h2>\n\t\t\t\t\t\t\t\t\t\t\t\t\t\t\t\t\t\t<h3 class=\"mrb-35\">Melanie Llad\u00f3 Claussen<\/h3>\n\t\t\t\t\t\t\t\t\t\t\t\t\t\t\t\t\t\t<p class=\"mrb-35\">Ich bin Mel \u2013 leidenschaftlich im Umgang mit Kundinnen und Kunden und \u00fcberzeugt, dass empathisches Zuh\u00f6ren der erste Schritt ist, um echte L\u00f6sungen zu bieten. Seit vielen Jahren arbeite ich in der Versicherungsbranche, mit besonderem Schwerpunkt auf dem Gesundheitsbereich \u2013 dort, wo ich am meisten gelernt und Freude gefunden habe.\nMein Ansatz ist nicht, einfach nur zu verkaufen. Mein Ziel ist es, dich zu beraten, zu begleiten und dir zu helfen, die Versicherung zu finden, die wirklich zu deinen Bed\u00fcrfnissen und deinem Lebensstil passt. Denn jeder Mensch ist einzigartig \u2013 und sein Schutz sollte es auch sein.<\/p>\n\t\t\t\t\t\t\t\t\t\t\t\t<div class=\"row no-gutters mrb-15\">\n\t\t\t\t\t\t\t\t\t\t\t\t\t\t\t<div class=\"col-xl-6 col-lg-6 col-md-6 col-sm-6\">\n\t\t\t\t\t\t\t\t\t<div class=\"featured-icon-box mrb-15\">\n\t\t\t\t\t\t\t\t\t\t\t\t\t\t\t\t\t\t\t\t<div class=\"featured-icon\">\n\t\t\t\t\t\t\t\t\t\t\t<i class=\"webexflaticon fi-tr-hand-heart\"><\/i>\n\t\t\t\t\t\t\t\t\t\t<\/div>\n\t\t\t\t\t\t\t\t\t\t\t\t\t\t\t\t\t\t\t\t<div class=\"featured-content\">\n\t\t\t\t\t\t\t\t\t\t\t\t\t\t\t\t\t\t\t\t\t\t<h4 class=\"featured-title\">N\u00e4he\n\n<\/h4>\n\t\t\t\t\t\t\t\t\t\t\t\t\t\t\t\t\t\t\t\t\t\t\t\t\t\t\t\t\t\t\t\t\t<p class=\"featured-desc\">Immer erreichbar und verf\u00fcgbar, wenn du Unterst\u00fctzung brauchst.<\/p>\n\t\t\t\t\t\t\t\t\t\t\t\t\t\t\t\t\t\t\t\t\t<\/div>\n\t\t\t\t\t\t\t\t\t<\/div>\n\t\t\t\t\t\t\t\t<\/div>\n\t\t\t\t\t\t\t\t\t\t\t\t\t\t\t<div class=\"col-xl-6 col-lg-6 col-md-6 col-sm-6\">\n\t\t\t\t\t\t\t\t\t<div class=\"featured-icon-box mrb-15\">\n\t\t\t\t\t\t\t\t\t\t\t\t\t\t\t\t\t\t\t\t<div class=\"featured-icon\">\n\t\t\t\t\t\t\t\t\t\t\t<i class=\"webexflaticon fi-tr-meeting-alt\"><\/i>\n\t\t\t\t\t\t\t\t\t\t<\/div>\n\t\t\t\t\t\t\t\t\t\t\t\t\t\t\t\t\t\t\t\t<div class=\"featured-content\">\n\t\t\t\t\t\t\t\t\t\t\t\t\t\t\t\t\t\t\t\t\t\t<h4 class=\"featured-title\">Transparenz<\/h4>\n\t\t\t\t\t\t\t\t\t\t\t\t\t\t\t\t\t\t\t\t\t\t\t\t\t\t\t\t\t\t\t\t\t<p class=\"featured-desc\">Jedes Detail klar erkl\u00e4rt \u2013 ohne Kleingedrucktes.<\/p>\n\t\t\t\t\t\t\t\t\t\t\t\t\t\t\t\t\t\t\t\t\t<\/div>\n\t\t\t\t\t\t\t\t\t<\/div>\n\t\t\t\t\t\t\t\t<\/div>\n\t\t\t\t\t\t\t\t\t\t\t\t\t\t\t<div class=\"col-xl-6 col-lg-6 col-md-6 col-sm-6\">\n\t\t\t\t\t\t\t\t\t<div class=\"featured-icon-box mrb-15\">\n\t\t\t\t\t\t\t\t\t\t\t\t\t\t\t\t\t\t\t\t<div class=\"featured-icon\">\n\t\t\t\t\t\t\t\t\t\t\t<i class=\"webexflaticon fi-tr-shield-check\"><\/i>\n\t\t\t\t\t\t\t\t\t\t<\/div>\n\t\t\t\t\t\t\t\t\t\t\t\t\t\t\t\t\t\t\t\t<div class=\"featured-content\">\n\t\t\t\t\t\t\t\t\t\t\t\t\t\t\t\t\t\t\t\t\t\t<h4 class=\"featured-title\">Vertrauen\n\n<\/h4>\n\t\t\t\t\t\t\t\t\t\t\t\t\t\t\t\t\t\t\t\t\t\t\t\t\t\t\t\t\t\t\t\t\t<p class=\"featured-desc\">Eine Beziehung aufbauen, die auf Sicherheit und kontinuierlicher Betreuung basiert.<\/p>\n\t\t\t\t\t\t\t\t\t\t\t\t\t\t\t\t\t\t\t\t\t<\/div>\n\t\t\t\t\t\t\t\t\t<\/div>\n\t\t\t\t\t\t\t\t<\/div>\n\t\t\t\t\t\t\t\t\t\t\t\t\t\t\t<div class=\"col-xl-6 col-lg-6 col-md-6 col-sm-6\">\n\t\t\t\t\t\t\t\t\t<div class=\"featured-icon-box mrb-15\">\n\t\t\t\t\t\t\t\t\t\t\t\t\t\t\t\t\t\t\t\t<div class=\"featured-icon\">\n\t\t\t\t\t\t\t\t\t\t\t<i class=\"webexflaticon fi-tr-handshake\"><\/i>\n\t\t\t\t\t\t\t\t\t\t<\/div>\n\t\t\t\t\t\t\t\t\t\t\t\t\t\t\t\t\t\t\t\t<div class=\"featured-content\">\n\t\t\t\t\t\t\t\t\t\t\t\t\t\t\t\t\t\t\t\t\t\t<h4 class=\"featured-title\">Verantwortung\n<\/h4>\n\t\t\t\t\t\t\t\t\t\t\t\t\t\t\t\t\t\t\t\t\t\t\t\t\t\t\t\t\t\t\t\t\t<p class=\"featured-desc\">Einen ehrlichen, engagierten Service bieten, der auf dein Wohlbefinden ausgerichtet ist.<\/p>\n\t\t\t\t\t\t\t\t\t\t\t\t\t\t\t\t\t\t\t\t\t<\/div>\n\t\t\t\t\t\t\t\t\t<\/div>\n\t\t\t\t\t\t\t\t<\/div>\n\t\t\t\t\t\t\t\t\t\t\t\t\t<\/div>\n\t\t\t\t\t\t<div class=\"d-inline d-md-flex align-items-center mt-40\">\n\t\t\t\t\t\t\t\t\t\t\t\t\t\t\t\t\t\t\t\t<\/div>\n\t\t\t\t\t<\/div>\n\t\t\t\t<\/div>\n\t\t\t<\/div>\n\t\t<\/section>\n\n\t\t\t\t\t<\/div>\n\t\t\t\t<\/div>\n\t\t\t\t<\/div>\n\t\t\t\t<\/div>\n\t\t\t\t<section class=\"elementor-section elementor-top-section elementor-element elementor-element-80ec882 elementor-section-full_width elementor-section-height-default elementor-section-height-default\" data-id=\"80ec882\" data-element_type=\"section\">\n\t\t\t\t\t\t<div class=\"elementor-container elementor-column-gap-no\">\n\t\t\t\t\t<div class=\"elementor-column elementor-col-100 elementor-top-column elementor-element elementor-element-c8e566f\" data-id=\"c8e566f\" data-element_type=\"column\">\n\t\t\t<div class=\"elementor-widget-wrap elementor-element-populated\">\n\t\t\t\t\t\t<div class=\"elementor-element elementor-element-8600f19 elementor-align-left elementor-widget elementor-widget-home-1-choose\" data-id=\"8600f19\" data-element_type=\"widget\" data-widget_type=\"home-1-choose.default\">\n\t\t\t\t<div class=\"elementor-widget-container\">\n\t\t\t\t\t\n\t\t\t\t<section class=\"pdt-110 pdb-110\" data-background=\"https:\/\/shtheme.com\/demosd\/insuren\/wp-content\/uploads\/2022\/11\/abs-bg1.png\" data-overlay-dark=\"10\">\n\t\t\t\t\t\t\t<div class=\"why-choose-us-section-shape shape-1\" data-speed=\"0.02\" data-revert=\"true\">\n\t\t\t\t<img decoding=\"async\" src=\"https:\/\/shtheme.com\/demosd\/insuren\/wp-content\/uploads\/2022\/11\/4.png\" alt=\"Image\">\n\t\t\t<\/div>\n\t\t\t\t\t<div class=\"section-content\">\n\t\t\t\t<div class=\"container\">\n\t\t\t\t\t<div class=\"row align-items-center\">\n\t\t\t\t\t\t<div class=\"col-md-12 col-xl-6\">\n\t\t\t\t\t\t\t\t\t\t\t\t\t\t<h5 class=\"sub-title sub-title-primary-color2 text-white mrb-20\">W\u00e4hle Sicherheit<\/h5>\n\t\t\t\t\t\t\t\t\t\t\t\t\t\t\t\t\t\t\t\t\t<h2 class=\"text-white mrb-35\">Ich helfe Ihnen, <br><span class=\"f-weight-400\">das wirklich Wichtige<\/span> zu sch\u00fctzen<\/h2>\n\t\t\t\t\t\t\t\t\t\t\t\t\t\t\t\t\t\t\t\t\t<p class=\"text-white mrb-35\">Neben der Krankenversicherung biete ich auch Sterbe- und Tierkrankenversicherungen an \u2013 stets mit demselben Engagement: Ihnen Ruhe, Vertrauen und pers\u00f6nliche Betreuung zu bieten.\nIch bin hier, um Ihnen zu helfen, fundierte Entscheidungen zu treffen \u2013 ehrlich und ohne Druck. Denn f\u00fcr mich ist das Wichtigste, dass Sie sich gut gesch\u00fctzt f\u00fchlen.<\/p>\n\t\t\t\t\t\t\t\t\t\t\t\t\t\t<div class=\"skills mrb-lg-60\">\n\t\t\t\t\t\t\t\t\t\t\t\t\t\t\t\t<div class=\"skill-item\">\n\t\t\t\t\t\t\t\t\t<div class=\"skill-header\">\n\t\t\t\t\t\t\t\t\t\t\t\t\t\t\t\t\t\t\t\t<h6 class=\"skill-title\">Krankenversicherung<\/h6>\n\t\t\t\t\t\t\t\t\t\t\t\t\t\t\t\t\t\t\t\t\t\t\t\t\t\t\t\t\t<\/div>\n\t\t\t\t\t\t\t\t\t\t\t\t\t\t\t\t\t<\/div>\n\t\t\t\t\t\t\t\t\t\t\t\t\t\t\t\t<div class=\"skill-item\">\n\t\t\t\t\t\t\t\t\t<div class=\"skill-header\">\n\t\t\t\t\t\t\t\t\t\t\t\t\t\t\t\t\t\t\t\t<h6 class=\"skill-title\">Tierkrankenversicherung<\/h6>\n\t\t\t\t\t\t\t\t\t\t\t\t\t\t\t\t\t\t\t\t\t\t\t\t\t\t\t\t\t<\/div>\n\t\t\t\t\t\t\t\t\t\t\t\t\t\t\t\t\t<\/div>\n\t\t\t\t\t\t\t\t\t\t\t\t\t\t\t\t<div class=\"skill-item\">\n\t\t\t\t\t\t\t\t\t<div class=\"skill-header\">\n\t\t\t\t\t\t\t\t\t\t\t\t\t\t\t\t\t\t\t\t<h6 class=\"skill-title\">Sterbeversicherung<\/h6>\n\t\t\t\t\t\t\t\t\t\t\t\t\t\t\t\t\t\t\t\t\t\t\t\t\t\t\t\t\t<\/div>\n\t\t\t\t\t\t\t\t\t\t\t\t\t\t\t\t\t<\/div>\n\t\t\t\t\t\t\t\t\t\t\t\t\t\t\t\t<div class=\"skill-item\">\n\t\t\t\t\t\t\t\t\t<div class=\"skill-header\">\n\t\t\t\t\t\t\t\t\t\t\t\t\t\t\t\t\t\t\t\t<h6 class=\"skill-title\">KMU-Versicherung<\/h6>\n\t\t\t\t\t\t\t\t\t\t\t\t\t\t\t\t\t\t\t\t\t\t\t\t\t\t\t\t\t<\/div>\n\t\t\t\t\t\t\t\t\t\t\t\t\t\t\t\t\t<\/div>\n\t\t\t\t\t\t\t\t\t\t\t\t\t\t\t<\/div>\n\t\t\t\t\t\t<\/div>\n\t\t\t\t\t\t<div class=\"col-md-12 col-xl-6\">\n\t\t\t\t\t\t\t<div class=\"why-choose-us-image-block\">\n\t\t\t\t\t\t\t\t\t\t\t\t\t\t\t\t<img decoding=\"async\" class=\"img-full\" src=\"https:\/\/mallorcahealthagent.com\/wp-content\/uploads\/2022\/08\/project_03.jpg\" alt=\"\">\n\t\t\t\t\t\t\t\t\t\t\t\t\t\t\t\t\t\t\t\t\t\t\t<\/div>\n\t\t\t\t\t\t<\/div>\n\t\t\t\t\t<\/div>\n\t\t\t\t<\/div>\n\t\t\t<\/div>\n\t\t<\/section>\n  \n\t\t\t\t\t<\/div>\n\t\t\t\t<\/div>\n\t\t\t\t\t<\/div>\n\t\t<\/div>\n\t\t\t\t\t<\/div>\n\t\t<\/section>\n\t\t<div class=\"elementor-element elementor-element-24d283b e-con-full e-flex e-con e-parent\" data-id=\"24d283b\" data-element_type=\"container\">\n\t\t<div class=\"elementor-element elementor-element-bf2358c e-con-full e-flex e-con e-child\" data-id=\"bf2358c\" data-element_type=\"container\" data-settings=\"{&quot;background_background&quot;:&quot;classic&quot;}\">\n\t\t\t\t<div class=\"elementor-element elementor-element-1ae31fb elementor-align-left elementor-widget elementor-widget-rw-home-1-testimonials\" data-id=\"1ae31fb\" data-element_type=\"widget\" data-widget_type=\"rw-home-1-testimonials.default\">\n\t\t\t\t<div class=\"elementor-widget-container\">\n\t\t\t\t\t\n\t\t\t\t<section class=\"request-a-call-back bg-silver-light pdt-110 pdb-20 bg-pos-center-center\" data-background=\"https:\/\/mallorcahealthagent.com\/wp-content\/uploads\/2025\/10\/mapa-mundo-bupa.png\">\n\t\t\t\t\t<div class=\"section-title mrb-55 text-center wow fadeInUp\" data-wow-delay=\"0ms\" data-wow-duration=\"1500ms\">\n\t\t\t\t<div class=\"container\">\n\t\t\t\t\t<div class=\"row\">\n\t\t\t\t\t\t<div class=\"col\"><\/div>\n\t\t\t\t\t\t<div class=\"col-lg-8 col-xl-6\">\n\t\t\t\t\t\t\t<div class=\"title-box-center\">\n\t\t\t\t\t\t\t\t\t\t\t\t\t\t\t\t<h2 class=\"sub-title line-top-center mrb-10\">Testimonials<\/h2>\n\t\t\t\t\t\t\t\t\t\t\t\t\t\t\t\t\t\t\t\t\t\t\t\t<h3 class=\"title\">Was unsere Kunden sagen<\/h3>\n\t\t\t\t\t\t\t\t\t\t\t\t\t\t\t<\/div>\n\t\t\t\t\t\t<\/div>\n\t\t\t\t\t\t<div class=\"col\"><\/div>\n\t\t\t\t\t<\/div>\n\t\t\t\t<\/div>\n\t\t\t<\/div>\n\t\t\t<div class=\"section-content\">\n\t\t\t\t<div class=\"container\">\n\t\t\t\t\t<div class=\"row\">\n\t\t\t\t\t\t<div class=\"col\"><\/div>\n\t\t\t\t\t\t<div class=\"col-xl-7\">\n\t\t\t\t\t\t\t<div class=\"owl-carousel testimonial-items-1col testimonial-style2\">\n\t\t\t\t\t\t\t\t\t\t\t\t\t\t\t\t<div class=\"testimonial-item\">\n\t\t\t\t\t\t\t\t\t\t\t\t\t\t\t\t\t\t<div class=\"testimonial-content\">\n\t\t\t\t\t\t\t\t\t\t<p class=\"comments\">Mel hat mir geholfen, die perfekte Krankenversicherung f\u00fcr meine Familie zu w\u00e4hlen. Der gesamte Prozess war klar, freundlich und ohne \u00dcberraschungen. Ich f\u00fchle mich vollkommen gesch\u00fctzt!<\/p>\n\t\t\t\t\t\t\t\t\t<\/div>\n\t\t\t\t\t\t\t\t\t\t\t\t\t\t\t\t\t\t<div class=\"testimonial-upper-part\">\n\t\t\t\t\t\t\t\t\t\t<div class=\"testimonial-info\">\n\t\t\t\t\t\t\t\t\t\t\t\t\t\t\t\t\t\t\t\t\t\t<h4 class=\"client-name\">Laura Mart\u00ednez<\/h4>\n\t\t\t\t\t\t\t\t\t\t\t\t\t\t\t\t\t\t\t\t\t\t\t\t\t\t\t\t\t\t\t\t<\/div>\n\t\t\t\t\t\t\t\t\t\t\t\t\t\t\t\t\t\t\t<\/div>\n\t\t\t\t\t\t\t\t<\/div>\n\t\t\t\t\t\t\t\t\t\t\t\t\t\t\t\t<div class=\"testimonial-item\">\n\t\t\t\t\t\t\t\t\t\t\t\t\t\t\t\t\t\t<div class=\"testimonial-content\">\n\t\t\t\t\t\t\t\t\t\t<p class=\"comments\">Dank Mel habe ich eine Versicherung f\u00fcr mein KMU gefunden, die mein gesamtes Team absichert. Ihre Beratung ist professionell und sehr pers\u00f6nlich, immer aufmerksam auf unsere Bed\u00fcrfnisse.<\/p>\n\t\t\t\t\t\t\t\t\t<\/div>\n\t\t\t\t\t\t\t\t\t\t\t\t\t\t\t\t\t\t<div class=\"testimonial-upper-part\">\n\t\t\t\t\t\t\t\t\t\t<div class=\"testimonial-info\">\n\t\t\t\t\t\t\t\t\t\t\t\t\t\t\t\t\t\t\t\t\t\t<h4 class=\"client-name\">Carlos Fern\u00e1ndez<\/h4>\n\t\t\t\t\t\t\t\t\t\t\t\t\t\t\t\t\t\t\t\t\t\t\t\t\t\t\t\t\t\t\t\t<\/div>\n\t\t\t\t\t\t\t\t\t\t\t\t\t\t\t\t\t\t\t<\/div>\n\t\t\t\t\t\t\t\t<\/div>\n\t\t\t\t\t\t\t\t\t\t\t\t\t\t\t\t<div class=\"testimonial-item\">\n\t\t\t\t\t\t\t\t\t\t\t\t\t\t\t\t\t\t<div class=\"testimonial-content\">\n\t\t\t\t\t\t\t\t\t\t<p class=\"comments\">Ich habe eine Versicherung f\u00fcr mein Haustier abgeschlossen und k\u00f6nnte nicht entspannter sein. Mel hat mir alles Schritt f\u00fcr Schritt erkl\u00e4rt und daf\u00fcr gesorgt, dass ich den Schutz w\u00e4hle, den ich wirklich brauche.<\/p>\n\t\t\t\t\t\t\t\t\t<\/div>\n\t\t\t\t\t\t\t\t\t\t\t\t\t\t\t\t\t\t<div class=\"testimonial-upper-part\">\n\t\t\t\t\t\t\t\t\t\t<div class=\"testimonial-info\">\n\t\t\t\t\t\t\t\t\t\t\t\t\t\t\t\t\t\t\t\t\t\t<h4 class=\"client-name\">Ana G\u00f3mez<\/h4>\n\t\t\t\t\t\t\t\t\t\t\t\t\t\t\t\t\t\t\t\t\t\t\t\t\t\t\t\t\t\t\t\t<\/div>\n\t\t\t\t\t\t\t\t\t\t\t\t\t\t\t\t\t\t\t<\/div>\n\t\t\t\t\t\t\t\t<\/div>\n\t\t\t\t\t\t\t\t\t\t\t\t\t\t\t<\/div>\n\t\t\t\t\t\t<\/div>\n\t\t\t\t\t\t<div class=\"col\"><\/div>\n\t\t\t\t\t<\/div>\n\t\t\t\t<\/div>\n\t\t\t<\/div>\n\t\t<\/section>\n  \n\t\t\t\t\t<\/div>\n\t\t\t\t<\/div>\n\t\t\t\t<\/div>\n\t\t\t\t<\/div>\n\t\t\t\t<\/div>\n\t\t","protected":false},"excerpt":{"rendered":"<p>+100 Unternehmen vertrauen mir Exklusive Sanitas-Agentin Melanie Llad\u00f3 Claussen Ich bin Mel \u2013 leidenschaftlich im Umgang mit Kundinnen und Kunden und \u00fcberzeugt, dass empathisches Zuh\u00f6ren der erste Schritt ist, um echte L\u00f6sungen zu bieten. Seit vielen Jahren arbeite ich in der Versicherungsbranche, mit besonderem Schwerpunkt auf dem Gesundheitsbereich \u2013 dort, wo ich am meisten gelernt [&hellip;]<\/p>\n","protected":false},"author":1,"featured_media":0,"parent":0,"menu_order":0,"comment_status":"closed","ping_status":"closed","template":"elementor_header_footer","meta":{"_joinchat":[],"footnotes":""},"class_list":["post-2060","page","type-page","status-publish","hentry"],"yoast_head":"<!-- This site is optimized with the Yoast SEO plugin v26.3 - https:\/\/yoast.com\/wordpress\/plugins\/seo\/ -->\n<title>\u00dcber mich | Exklusiver Sanitas-Agent<\/title>\n<meta name=\"description\" content=\"Ich helfe Ihnen, die beste Krankenversicherung f\u00fcr Sie und Ihre Familie zu w\u00e4hlen \u2013 mit N\u00e4he, Transparenz und Engagement. Entdecken Sie die Sanitas-Versicherungen.\" \/>\n<meta name=\"robots\" content=\"index, follow, max-snippet:-1, max-image-preview:large, max-video-preview:-1\" \/>\n<link rel=\"canonical\" href=\"https:\/\/mallorcahealthagent.com\/sobre-mi\/\" \/>\n<meta property=\"og:locale\" content=\"de_DE\" \/>\n<meta property=\"og:type\" content=\"article\" \/>\n<meta property=\"og:title\" content=\"\u00dcber mich | Exklusiver Sanitas-Agent\" \/>\n<meta property=\"og:description\" content=\"Ich helfe Ihnen, die beste Krankenversicherung f\u00fcr Sie und Ihre Familie zu w\u00e4hlen \u2013 mit N\u00e4he, Transparenz und Engagement. Entdecken Sie die Sanitas-Versicherungen.\" \/>\n<meta property=\"og:url\" content=\"https:\/\/mallorcahealthagent.com\/sobre-mi\/\" \/>\n<meta property=\"og:site_name\" content=\"Mallorca Health Agent\" \/>\n<meta property=\"article:modified_time\" content=\"2025-11-13T11:40:21+00:00\" \/>\n<meta property=\"og:image\" content=\"https:\/\/mallorcahealthagent.com\/wp-content\/uploads\/2025\/10\/hermosa-familia-de-papel-con-un-corazon-de-papel-rojo-scaled.webp\" \/>\n<meta name=\"twitter:card\" content=\"summary_large_image\" \/>\n<meta name=\"twitter:label1\" content=\"Gesch\u00e4tzte Lesezeit\" \/>\n\t<meta name=\"twitter:data1\" content=\"4\u00a0Minuten\" \/>\n<script type=\"application\/ld+json\" class=\"yoast-schema-graph\">{\"@context\":\"https:\/\/schema.org\",\"@graph\":[{\"@type\":\"WebPage\",\"@id\":\"https:\/\/mallorcahealthagent.com\/sobre-mi\/\",\"url\":\"https:\/\/mallorcahealthagent.com\/sobre-mi\/\",\"name\":\"\u00dcber mich | Exklusiver Sanitas-Agent\",\"isPartOf\":{\"@id\":\"https:\/\/mallorcahealthagent.com\/#website\"},\"primaryImageOfPage\":{\"@id\":\"https:\/\/mallorcahealthagent.com\/sobre-mi\/#primaryimage\"},\"image\":{\"@id\":\"https:\/\/mallorcahealthagent.com\/sobre-mi\/#primaryimage\"},\"thumbnailUrl\":\"https:\/\/mallorcahealthagent.com\/wp-content\/uploads\/2025\/10\/hermosa-familia-de-papel-con-un-corazon-de-papel-rojo-scaled.webp\",\"datePublished\":\"2025-09-30T07:51:55+00:00\",\"dateModified\":\"2025-11-13T11:40:21+00:00\",\"description\":\"Ich helfe Ihnen, die beste Krankenversicherung f\u00fcr Sie und Ihre Familie zu w\u00e4hlen \u2013 mit N\u00e4he, Transparenz und Engagement. Entdecken Sie die Sanitas-Versicherungen.\",\"breadcrumb\":{\"@id\":\"https:\/\/mallorcahealthagent.com\/sobre-mi\/#breadcrumb\"},\"inLanguage\":\"de\",\"potentialAction\":[{\"@type\":\"ReadAction\",\"target\":[\"https:\/\/mallorcahealthagent.com\/sobre-mi\/\"]}]},{\"@type\":\"ImageObject\",\"inLanguage\":\"de\",\"@id\":\"https:\/\/mallorcahealthagent.com\/sobre-mi\/#primaryimage\",\"url\":\"https:\/\/mallorcahealthagent.com\/wp-content\/uploads\/2025\/10\/hermosa-familia-de-papel-con-un-corazon-de-papel-rojo-scaled.webp\",\"contentUrl\":\"https:\/\/mallorcahealthagent.com\/wp-content\/uploads\/2025\/10\/hermosa-familia-de-papel-con-un-corazon-de-papel-rojo-scaled.webp\"},{\"@type\":\"BreadcrumbList\",\"@id\":\"https:\/\/mallorcahealthagent.com\/sobre-mi\/#breadcrumb\",\"itemListElement\":[{\"@type\":\"ListItem\",\"position\":1,\"name\":\"Portada\",\"item\":\"https:\/\/mallorcahealthagent.com\/de\/\"},{\"@type\":\"ListItem\",\"position\":2,\"name\":\"\u00dcber mich\"}]},{\"@type\":\"WebSite\",\"@id\":\"https:\/\/mallorcahealthagent.com\/#website\",\"url\":\"https:\/\/mallorcahealthagent.com\/\",\"name\":\"Mallorca Health Agent\",\"description\":\"Exklusiv-Agent von Sanitas in Palma de Mallorca\",\"potentialAction\":[{\"@type\":\"SearchAction\",\"target\":{\"@type\":\"EntryPoint\",\"urlTemplate\":\"https:\/\/mallorcahealthagent.com\/?s={search_term_string}\"},\"query-input\":{\"@type\":\"PropertyValueSpecification\",\"valueRequired\":true,\"valueName\":\"search_term_string\"}}],\"inLanguage\":\"de\"}]}<\/script>\n<!-- \/ Yoast SEO plugin. -->","yoast_head_json":{"title":"\u00dcber mich | Exklusiver Sanitas-Agent","description":"Ich helfe Ihnen, die beste Krankenversicherung f\u00fcr Sie und Ihre Familie zu w\u00e4hlen \u2013 mit N\u00e4he, Transparenz und Engagement. Entdecken Sie die Sanitas-Versicherungen.","robots":{"index":"index","follow":"follow","max-snippet":"max-snippet:-1","max-image-preview":"max-image-preview:large","max-video-preview":"max-video-preview:-1"},"canonical":"https:\/\/mallorcahealthagent.com\/sobre-mi\/","og_locale":"de_DE","og_type":"article","og_title":"\u00dcber mich | Exklusiver Sanitas-Agent","og_description":"Ich helfe Ihnen, die beste Krankenversicherung f\u00fcr Sie und Ihre Familie zu w\u00e4hlen \u2013 mit N\u00e4he, Transparenz und Engagement. Entdecken Sie die Sanitas-Versicherungen.","og_url":"https:\/\/mallorcahealthagent.com\/sobre-mi\/","og_site_name":"Mallorca Health Agent","article_modified_time":"2025-11-13T11:40:21+00:00","og_image":[{"url":"https:\/\/mallorcahealthagent.com\/wp-content\/uploads\/2025\/10\/hermosa-familia-de-papel-con-un-corazon-de-papel-rojo-scaled.webp","type":"","width":"","height":""}],"twitter_card":"summary_large_image","twitter_misc":{"Gesch\u00e4tzte Lesezeit":"4\u00a0Minuten"},"schema":{"@context":"https:\/\/schema.org","@graph":[{"@type":"WebPage","@id":"https:\/\/mallorcahealthagent.com\/sobre-mi\/","url":"https:\/\/mallorcahealthagent.com\/sobre-mi\/","name":"\u00dcber mich | Exklusiver Sanitas-Agent","isPartOf":{"@id":"https:\/\/mallorcahealthagent.com\/#website"},"primaryImageOfPage":{"@id":"https:\/\/mallorcahealthagent.com\/sobre-mi\/#primaryimage"},"image":{"@id":"https:\/\/mallorcahealthagent.com\/sobre-mi\/#primaryimage"},"thumbnailUrl":"https:\/\/mallorcahealthagent.com\/wp-content\/uploads\/2025\/10\/hermosa-familia-de-papel-con-un-corazon-de-papel-rojo-scaled.webp","datePublished":"2025-09-30T07:51:55+00:00","dateModified":"2025-11-13T11:40:21+00:00","description":"Ich helfe Ihnen, die beste Krankenversicherung f\u00fcr Sie und Ihre Familie zu w\u00e4hlen \u2013 mit N\u00e4he, Transparenz und Engagement. Entdecken Sie die Sanitas-Versicherungen.","breadcrumb":{"@id":"https:\/\/mallorcahealthagent.com\/sobre-mi\/#breadcrumb"},"inLanguage":"de","potentialAction":[{"@type":"ReadAction","target":["https:\/\/mallorcahealthagent.com\/sobre-mi\/"]}]},{"@type":"ImageObject","inLanguage":"de","@id":"https:\/\/mallorcahealthagent.com\/sobre-mi\/#primaryimage","url":"https:\/\/mallorcahealthagent.com\/wp-content\/uploads\/2025\/10\/hermosa-familia-de-papel-con-un-corazon-de-papel-rojo-scaled.webp","contentUrl":"https:\/\/mallorcahealthagent.com\/wp-content\/uploads\/2025\/10\/hermosa-familia-de-papel-con-un-corazon-de-papel-rojo-scaled.webp"},{"@type":"BreadcrumbList","@id":"https:\/\/mallorcahealthagent.com\/sobre-mi\/#breadcrumb","itemListElement":[{"@type":"ListItem","position":1,"name":"Portada","item":"https:\/\/mallorcahealthagent.com\/de\/"},{"@type":"ListItem","position":2,"name":"\u00dcber mich"}]},{"@type":"WebSite","@id":"https:\/\/mallorcahealthagent.com\/#website","url":"https:\/\/mallorcahealthagent.com\/","name":"Mallorca Health Agent","description":"Exklusiv-Agent von Sanitas in Palma de Mallorca","potentialAction":[{"@type":"SearchAction","target":{"@type":"EntryPoint","urlTemplate":"https:\/\/mallorcahealthagent.com\/?s={search_term_string}"},"query-input":{"@type":"PropertyValueSpecification","valueRequired":true,"valueName":"search_term_string"}}],"inLanguage":"de"}]}},"_links":{"self":[{"href":"https:\/\/mallorcahealthagent.com\/de\/wp-json\/wp\/v2\/pages\/2060","targetHints":{"allow":["GET"]}}],"collection":[{"href":"https:\/\/mallorcahealthagent.com\/de\/wp-json\/wp\/v2\/pages"}],"about":[{"href":"https:\/\/mallorcahealthagent.com\/de\/wp-json\/wp\/v2\/types\/page"}],"author":[{"embeddable":true,"href":"https:\/\/mallorcahealthagent.com\/de\/wp-json\/wp\/v2\/users\/1"}],"replies":[{"embeddable":true,"href":"https:\/\/mallorcahealthagent.com\/de\/wp-json\/wp\/v2\/comments?post=2060"}],"version-history":[{"count":7,"href":"https:\/\/mallorcahealthagent.com\/de\/wp-json\/wp\/v2\/pages\/2060\/revisions"}],"predecessor-version":[{"id":2081,"href":"https:\/\/mallorcahealthagent.com\/de\/wp-json\/wp\/v2\/pages\/2060\/revisions\/2081"}],"wp:attachment":[{"href":"https:\/\/mallorcahealthagent.com\/de\/wp-json\/wp\/v2\/media?parent=2060"}],"curies":[{"name":"wp","href":"https:\/\/api.w.org\/{rel}","templated":true}]}}